{"id":45,"date":"2017-06-16T13:44:00","date_gmt":"2017-06-16T13:44:00","guid":{"rendered":"https:\/\/wenceslas-cobergher.be\/?page_id=45"},"modified":"2024-03-08T15:08:52","modified_gmt":"2024-03-08T15:08:52","slug":"algemene-voorwaarden","status":"publish","type":"page","link":"https:\/\/wenceslas-cobergher.be\/pl\/about\/algemene-voorwaarden\/","title":{"rendered":"Warunki og\u00f3lne"},"content":{"rendered":"<p><span lang=\"PL\">Mo\u017cliwe s\u0105 zar\u00f3wno kr\u00f3tkie, jak i d\u0142u\u017csze pobyty. Rezerwacji na <strong>kr\u00f3tki okres<\/strong> (od 1 dnia do 2 tygodni) mo\u017cna dokonywa\u0107 bezpo\u015brednio przez system rezerwacji.<\/span><\/p>\n\n\n\n<p><span lang=\"PL\">Zapytania dotycz\u0105ce rezerwacji <strong>przekraczaj\u0105cych 2 tygodnie<\/strong> nale\u017cy przesy\u0142a\u0107 e-mailem. Istnieje r\u00f3wnie\u017c mo\u017cliwo\u015b\u0107 wynajmu d\u0142ugoterminowego do 1 roku.<\/span><\/p>\n\n\n\n<p><span lang=\"PL\">Wszystkie nasze obiekty wyposa\u017cone s\u0105 w niezb\u0119dne udogodnienia. Na pro\u015bb\u0119 udost\u0119pniamy \u0142\u00f3\u017ceczko dzieci\u0119ce.<\/span><\/p>\n\n\n\n<p><span lang=\"PL\">Podczas rezerwacji prosimy poda\u0107 konfiguracj\u0119 <strong>\u0142\u00f3\u017cek<\/strong>: dla 1 osoby lub dla 2 os\u00f3b.<\/span><\/p>\n\n\n\n<p><span lang=\"PL\">We wszystkich naszych obiektach dost\u0119pny jest <strong>bezp\u0142atny internet bezprzewodowy<\/strong>, a na go\u015bci czeka <strong>komplet po\u015bcieli<\/strong> oraz r\u0119cznik\u00f3w k\u0105pielowych i kuchennych. W naszych obiektach <strong>obowi\u0105zuje zakaz palenia<\/strong>. Pali\u0107 mo\u017cna na zewn\u0105trz; w niekt\u00f3rych miejscach znajduj\u0105 si\u0119 popielniczki.<\/span><\/p>\n\n\n\n<p><strong><span lang=\"PL\">R\u0119czniki k\u0105pielowe i kuchenne, po\u015bciel<\/span><\/strong><span lang=\"PL\"> oraz <strong>media<\/strong> s\u0105 <strong>wliczone<\/strong> w cen\u0119 wynajmu.<\/span><\/p>\n\n\n\n<p><span lang=\"PL\">Od go\u015bci pobieramy <strong>kaucj\u0119<\/strong> w wysoko\u015bci <strong>100 EUR<\/strong>.<\/span><\/p>\n\n\n\n<p><span lang=\"PL\">Podczas rezerwacji prosimy o podanie <strong>orientacyjnej godziny przybycia<\/strong>.&nbsp;Je\u015bli godzina ta jest trudna do okre\u015blenia, prosimy o kontakt telefoniczny <strong>przynajmniej p\u00f3\u0142 godziny przed przyjazdem<\/strong>, aby mo\u017cliwe by\u0142o szybkie zameldowanie.<\/span><\/p>","protected":false},"excerpt":{"rendered":"<p>Mo\u017cliwe s\u0105 zar\u00f3wno kr\u00f3tkie, jak i d\u0142u\u017csze pobyty. Rezerwacji na kr\u00f3tki okres (od 1 dnia do 2 tygodni) mo\u017cna dokonywa\u0107 bezpo\u015brednio przez system rezerwacji. Zapytania dotycz\u0105ce rezerwacji przekraczaj\u0105cych 2 tygodnie nale\u017cy przesy\u0142a\u0107 e-mailem. Istnieje r\u00f3wnie\u017c mo\u017cliwo\u015b\u0107 wynajmu d\u0142ugoterminowego do 1 roku. Wszystkie nasze obiekty wyposa\u017cone s\u0105 w niezb\u0119dne udogodnienia. Na pro\u015bb\u0119 udost\u0119pniamy \u0142\u00f3\u017ceczko dzieci\u0119ce. Podczas&hellip;&nbsp;<a href=\"https:\/\/wenceslas-cobergher.be\/pl\/about\/algemene-voorwaarden\/\" rel=\"bookmark\">Read More &raquo;<span class=\"screen-reader-text\">Warunki og\u00f3lne<\/span><\/a><\/p>\n","protected":false},"author":1,"featured_media":0,"parent":8,"menu_order":48,"comment_status":"closed","ping_status":"closed","template":"","meta":{"_monsterinsights_skip_tracking":false,"_monsterinsights_sitenote_active":false,"_monsterinsights_sitenote_note":"","_monsterinsights_sitenote_category":0,"neve_meta_sidebar":"","neve_meta_container":"","neve_meta_enable_content_width":"","neve_meta_content_width":0,"neve_meta_title_alignment":"","neve_meta_author_avatar":"","neve_post_elements_order":"","neve_meta_disable_header":"","neve_meta_disable_footer":"","neve_meta_disable_title":"","neve_meta_reading_time":"","_themeisle_gutenberg_block_has_review":false,"footnotes":""},"class_list":["post-45","page","type-page","status-publish","hentry"],"yoast_head":"<!-- This site is optimized with the Yoast SEO plugin v27.5 - https:\/\/yoast.com\/product\/yoast-seo-wordpress\/ -->\n<title>Warunki og\u00f3lne - Wenceslas Cobergher<\/title>\n<meta name=\"robots\" content=\"index, follow, max-snippet:-1, max-image-preview:large, max-video-preview:-1\" \/>\n<link rel=\"canonical\" href=\"https:\/\/wenceslas-cobergher.be\/nl\/about\/algemene-voorwaarden\/\" \/>\n<meta property=\"og:locale\" content=\"pl_PL\" \/>\n<meta property=\"og:type\" content=\"article\" \/>\n<meta property=\"og:title\" content=\"Warunki og\u00f3lne - Wenceslas Cobergher\" \/>\n<meta property=\"og:description\" content=\"Mo\u017cliwe s\u0105 zar\u00f3wno kr\u00f3tkie, jak i d\u0142u\u017csze pobyty. Rezerwacji na kr\u00f3tki okres (od 1 dnia do 2 tygodni) mo\u017cna dokonywa\u0107 bezpo\u015brednio przez system rezerwacji. Zapytania dotycz\u0105ce rezerwacji przekraczaj\u0105cych 2 tygodnie nale\u017cy przesy\u0142a\u0107 e-mailem. Istnieje r\u00f3wnie\u017c mo\u017cliwo\u015b\u0107 wynajmu d\u0142ugoterminowego do 1 roku. Wszystkie nasze obiekty wyposa\u017cone s\u0105 w niezb\u0119dne udogodnienia. Na pro\u015bb\u0119 udost\u0119pniamy \u0142\u00f3\u017ceczko dzieci\u0119ce. Podczas&hellip;&nbsp;Read More &raquo;Warunki og\u00f3lne\" \/>\n<meta property=\"og:url\" content=\"https:\/\/wenceslas-cobergher.be\/nl\/about\/algemene-voorwaarden\/\" \/>\n<meta property=\"og:site_name\" content=\"Wenceslas Cobergher\" \/>\n<meta property=\"article:modified_time\" content=\"2024-03-08T15:08:52+00:00\" \/>\n<meta name=\"twitter:card\" content=\"summary_large_image\" \/>\n<meta name=\"twitter:label1\" content=\"Szacowany czas czytania\" \/>\n\t<meta name=\"twitter:data1\" content=\"5 minut\" \/>\n<script type=\"application\/ld+json\" class=\"yoast-schema-graph\">{\"@context\":\"https:\\\/\\\/schema.org\",\"@graph\":[{\"@type\":\"WebPage\",\"@id\":\"https:\\\/\\\/wenceslas-cobergher.be\\\/nl\\\/about\\\/algemene-voorwaarden\\\/\",\"url\":\"https:\\\/\\\/wenceslas-cobergher.be\\\/nl\\\/about\\\/algemene-voorwaarden\\\/\",\"name\":\"Warunki og\u00f3lne - Wenceslas Cobergher\",\"isPartOf\":{\"@id\":\"https:\\\/\\\/wenceslas-cobergher.be\\\/nl\\\/#website\"},\"datePublished\":\"2017-06-16T13:44:00+00:00\",\"dateModified\":\"2024-03-08T15:08:52+00:00\",\"breadcrumb\":{\"@id\":\"https:\\\/\\\/wenceslas-cobergher.be\\\/nl\\\/about\\\/algemene-voorwaarden\\\/#breadcrumb\"},\"inLanguage\":\"pl-PL\",\"potentialAction\":[{\"@type\":\"ReadAction\",\"target\":[\"https:\\\/\\\/wenceslas-cobergher.be\\\/nl\\\/about\\\/algemene-voorwaarden\\\/\"]}]},{\"@type\":\"BreadcrumbList\",\"@id\":\"https:\\\/\\\/wenceslas-cobergher.be\\\/nl\\\/about\\\/algemene-voorwaarden\\\/#breadcrumb\",\"itemListElement\":[{\"@type\":\"ListItem\",\"position\":1,\"name\":\"Home\",\"item\":\"https:\\\/\\\/wenceslas-cobergher.be\\\/nl\\\/\"},{\"@type\":\"ListItem\",\"position\":2,\"name\":\"Over ons\",\"item\":\"https:\\\/\\\/wenceslas-cobergher.be\\\/nl\\\/about\\\/\"},{\"@type\":\"ListItem\",\"position\":3,\"name\":\"Algemene voorwaarden\"}]},{\"@type\":\"WebSite\",\"@id\":\"https:\\\/\\\/wenceslas-cobergher.be\\\/nl\\\/#website\",\"url\":\"https:\\\/\\\/wenceslas-cobergher.be\\\/nl\\\/\",\"name\":\"Wenceslas Cobergher\",\"description\":\"Wakacje i pobyt w dobrym stylu\",\"potentialAction\":[{\"@type\":\"SearchAction\",\"target\":{\"@type\":\"EntryPoint\",\"urlTemplate\":\"https:\\\/\\\/wenceslas-cobergher.be\\\/nl\\\/?s={search_term_string}\"},\"query-input\":{\"@type\":\"PropertyValueSpecification\",\"valueRequired\":true,\"valueName\":\"search_term_string\"}}],\"inLanguage\":\"pl-PL\"}]}<\/script>\n<!-- \/ Yoast SEO plugin. -->","yoast_head_json":{"title":"Warunki og\u00f3lne - Wenceslas Cobergher","robots":{"index":"index","follow":"follow","max-snippet":"max-snippet:-1","max-image-preview":"max-image-preview:large","max-video-preview":"max-video-preview:-1"},"canonical":"https:\/\/wenceslas-cobergher.be\/nl\/about\/algemene-voorwaarden\/","og_locale":"pl_PL","og_type":"article","og_title":"Warunki og\u00f3lne - Wenceslas Cobergher","og_description":"Mo\u017cliwe s\u0105 zar\u00f3wno kr\u00f3tkie, jak i d\u0142u\u017csze pobyty. Rezerwacji na kr\u00f3tki okres (od 1 dnia do 2 tygodni) mo\u017cna dokonywa\u0107 bezpo\u015brednio przez system rezerwacji. Zapytania dotycz\u0105ce rezerwacji przekraczaj\u0105cych 2 tygodnie nale\u017cy przesy\u0142a\u0107 e-mailem. Istnieje r\u00f3wnie\u017c mo\u017cliwo\u015b\u0107 wynajmu d\u0142ugoterminowego do 1 roku. Wszystkie nasze obiekty wyposa\u017cone s\u0105 w niezb\u0119dne udogodnienia. Na pro\u015bb\u0119 udost\u0119pniamy \u0142\u00f3\u017ceczko dzieci\u0119ce. Podczas&hellip;&nbsp;Read More &raquo;Warunki og\u00f3lne","og_url":"https:\/\/wenceslas-cobergher.be\/nl\/about\/algemene-voorwaarden\/","og_site_name":"Wenceslas Cobergher","article_modified_time":"2024-03-08T15:08:52+00:00","twitter_card":"summary_large_image","twitter_misc":{"Szacowany czas czytania":"5 minut"},"schema":{"@context":"https:\/\/schema.org","@graph":[{"@type":"WebPage","@id":"https:\/\/wenceslas-cobergher.be\/nl\/about\/algemene-voorwaarden\/","url":"https:\/\/wenceslas-cobergher.be\/nl\/about\/algemene-voorwaarden\/","name":"Warunki og\u00f3lne - Wenceslas Cobergher","isPartOf":{"@id":"https:\/\/wenceslas-cobergher.be\/nl\/#website"},"datePublished":"2017-06-16T13:44:00+00:00","dateModified":"2024-03-08T15:08:52+00:00","breadcrumb":{"@id":"https:\/\/wenceslas-cobergher.be\/nl\/about\/algemene-voorwaarden\/#breadcrumb"},"inLanguage":"pl-PL","potentialAction":[{"@type":"ReadAction","target":["https:\/\/wenceslas-cobergher.be\/nl\/about\/algemene-voorwaarden\/"]}]},{"@type":"BreadcrumbList","@id":"https:\/\/wenceslas-cobergher.be\/nl\/about\/algemene-voorwaarden\/#breadcrumb","itemListElement":[{"@type":"ListItem","position":1,"name":"Home","item":"https:\/\/wenceslas-cobergher.be\/nl\/"},{"@type":"ListItem","position":2,"name":"Over ons","item":"https:\/\/wenceslas-cobergher.be\/nl\/about\/"},{"@type":"ListItem","position":3,"name":"Algemene voorwaarden"}]},{"@type":"WebSite","@id":"https:\/\/wenceslas-cobergher.be\/nl\/#website","url":"https:\/\/wenceslas-cobergher.be\/nl\/","name":"Wenceslas Cobergher","description":"Wakacje i pobyt w dobrym stylu","potentialAction":[{"@type":"SearchAction","target":{"@type":"EntryPoint","urlTemplate":"https:\/\/wenceslas-cobergher.be\/nl\/?s={search_term_string}"},"query-input":{"@type":"PropertyValueSpecification","valueRequired":true,"valueName":"search_term_string"}}],"inLanguage":"pl-PL"}]}},"_links":{"self":[{"href":"https:\/\/wenceslas-cobergher.be\/pl\/wp-json\/wp\/v2\/pages\/45","targetHints":{"allow":["GET"]}}],"collection":[{"href":"https:\/\/wenceslas-cobergher.be\/pl\/wp-json\/wp\/v2\/pages"}],"about":[{"href":"https:\/\/wenceslas-cobergher.be\/pl\/wp-json\/wp\/v2\/types\/page"}],"author":[{"embeddable":true,"href":"https:\/\/wenceslas-cobergher.be\/pl\/wp-json\/wp\/v2\/users\/1"}],"replies":[{"embeddable":true,"href":"https:\/\/wenceslas-cobergher.be\/pl\/wp-json\/wp\/v2\/comments?post=45"}],"version-history":[{"count":11,"href":"https:\/\/wenceslas-cobergher.be\/pl\/wp-json\/wp\/v2\/pages\/45\/revisions"}],"predecessor-version":[{"id":5246,"href":"https:\/\/wenceslas-cobergher.be\/pl\/wp-json\/wp\/v2\/pages\/45\/revisions\/5246"}],"up":[{"embeddable":true,"href":"https:\/\/wenceslas-cobergher.be\/pl\/wp-json\/wp\/v2\/pages\/8"}],"wp:attachment":[{"href":"https:\/\/wenceslas-cobergher.be\/pl\/wp-json\/wp\/v2\/media?parent=45"}],"curies":[{"name":"wp","href":"https:\/\/api.w.org\/{rel}","templated":true}]}}