{"id":47,"date":"2017-06-16T13:45:00","date_gmt":"2017-06-16T13:45:00","guid":{"rendered":"https:\/\/wenceslas-cobergher.be\/?page_id=47"},"modified":"2024-03-08T15:08:54","modified_gmt":"2024-03-08T15:08:54","slug":"gastenbeoordelingen","status":"publish","type":"page","link":"https:\/\/wenceslas-cobergher.be\/nl\/about\/gastenbeoordelingen\/","title":{"rendered":"Gastenbeoordelingen"},"content":{"rendered":"<p><\/p>\n\n\n\n<blockquote class=\"wp-block-quote is-layout-flow wp-block-quote-is-layout-flow\">\n<p>Thank you for your services, our men were also very satisfied.&nbsp;If we will look for accommodation in future I will contact you.<\/p>\n<\/blockquote>\n\n\n\n<p>Veronika Zhrivalova, Polen<\/p>\n\n\n\n<blockquote class=\"wp-block-quote is-layout-flow wp-block-quote-is-layout-flow\">\n<p>Unsere Leute sind schon zur\u00fcck. Sie waren sehr, sehr zufrieden mit der Wohnung. Ich dachte, sie bekommen das kleine Appartement mit den 3 Betten so wie ich das auf den Fotos gefunden habe. Aber die Wohnung war sehr gro\u00df. Eine sehr nette \u00dcberraschung.<\/p>\n\n\n\n<p>Ich m\u00f6chte mich bei Ihnen bedanken &#8211; das Appartement war FANTASTISCH!<\/p>\n<\/blockquote>\n\n\n\n<p>Agnieszka Secchi, Duitsland<b><br><\/b><\/p>\n\n\n\n<blockquote class=\"wp-block-quote is-layout-flow wp-block-quote-is-layout-flow\">\n<p>Could not be more happy with this place and it&#8217;s host Michael! We were flying late in the evening and it wasn&#8217;t a problem to check in at 00:30! As for the apartment &#8211; top notch!<\/p>\n<\/blockquote>\n\n\n\n<p>Pztodorov, Bulgarije<\/p>\n\n\n\n<blockquote class=\"wp-block-quote is-layout-flow wp-block-quote-is-layout-flow\">\n<p>Sch\u00f6ne Einrichtung, freundlicher Besitzer, es war alles da was man braucht, viele Restaurants sowie B\u00e4cker direkt um der Ecke.<\/p>\n<\/blockquote>\n\n\n\n<p>Ansg, Duitsland<\/p>\n\n\n\n<blockquote class=\"wp-block-quote is-layout-flow wp-block-quote-is-layout-flow\">\n<p>Un havre de paix. Le caract\u00e8re tr\u00e8s chaleureux de l&#8217;habitation, joliment d\u00e9cor\u00e9e pour les f\u00eates de No\u00ebl. L&#8217;accueil des propri\u00e9taires, tr\u00e8s disponibles. La paix de l&#8217;endroit, la localisation dans un contexte urbain touristique, lui-m\u00eame tr\u00e8s riche en d\u00e9corations de No\u00ebl. Un lieu parfait pour un repos parfait.<\/p>\n<\/blockquote>\n\n\n\n<p>Jean-claude, Belgi\u00eb<\/p>\n\n\n\n<blockquote class=\"wp-block-quote is-layout-flow wp-block-quote-is-layout-flow\">\n<p>Csoda sz\u00e9p v\u00e1rosban, egy nagyon trendi, tiszta h\u00e1zik\u00f3, kedves vend\u00e9gl\u00e1t\u00f3val. Sz\u00f3val csillagos \u00f6t\u00f6s!<\/p>\n<\/blockquote>\n\n\n\n<p>Zolt\u00e1n, Hongarije<\/p>\n\n\n\n<blockquote class=\"wp-block-quote is-layout-flow wp-block-quote-is-layout-flow\">\n<p>La casa en general: bien equipada y muy limpia. Ubicada en un lugar tranquilo.<\/p>\n<\/blockquote>\n\n\n\n<p>Mar\u00eda, Spanje<\/p>","protected":false},"excerpt":{"rendered":"<p>Thank you for your services, our men were also very satisfied.&nbsp;If we will look for accommodation in future I will contact you. Veronika Zhrivalova, Polen Unsere Leute sind schon zur\u00fcck. Sie waren sehr, sehr zufrieden mit der Wohnung. Ich dachte, sie bekommen das kleine Appartement mit den 3 Betten so wie ich das auf den&hellip;&nbsp;<a href=\"https:\/\/wenceslas-cobergher.be\/nl\/about\/gastenbeoordelingen\/\" rel=\"bookmark\">Read More &raquo;<span class=\"screen-reader-text\">Gastenbeoordelingen<\/span><\/a><\/p>\n","protected":false},"author":1,"featured_media":80,"parent":8,"menu_order":50,"comment_status":"closed","ping_status":"closed","template":"","meta":{"_monsterinsights_skip_tracking":false,"_monsterinsights_sitenote_active":false,"_monsterinsights_sitenote_note":"","_monsterinsights_sitenote_category":0,"neve_meta_sidebar":"","neve_meta_container":"","neve_meta_enable_content_width":"","neve_meta_content_width":0,"neve_meta_title_alignment":"","neve_meta_author_avatar":"","neve_post_elements_order":"","neve_meta_disable_header":"","neve_meta_disable_footer":"","neve_meta_disable_title":"","neve_meta_reading_time":"","_themeisle_gutenberg_block_has_review":false,"footnotes":""},"class_list":["post-47","page","type-page","status-publish","has-post-thumbnail","hentry"],"yoast_head":"<!-- This site is optimized with the Yoast SEO plugin v27.5 - https:\/\/yoast.com\/product\/yoast-seo-wordpress\/ -->\n<title>Gastenbeoordelingen - Wenceslas Cobergher<\/title>\n<meta name=\"robots\" content=\"index, follow, max-snippet:-1, max-image-preview:large, max-video-preview:-1\" \/>\n<link rel=\"canonical\" href=\"https:\/\/wenceslas-cobergher.be\/nl\/about\/gastenbeoordelingen\/\" \/>\n<meta property=\"og:locale\" content=\"nl_NL\" \/>\n<meta property=\"og:type\" content=\"article\" \/>\n<meta property=\"og:title\" content=\"Gastenbeoordelingen - Wenceslas Cobergher\" \/>\n<meta property=\"og:description\" content=\"Thank you for your services, our men were also very satisfied.&nbsp;If we will look for accommodation in future I will contact you. Veronika Zhrivalova, Polen Unsere Leute sind schon zur\u00fcck. Sie waren sehr, sehr zufrieden mit der Wohnung. Ich dachte, sie bekommen das kleine Appartement mit den 3 Betten so wie ich das auf den&hellip;&nbsp;Read More &raquo;Gastenbeoordelingen\" \/>\n<meta property=\"og:url\" content=\"https:\/\/wenceslas-cobergher.be\/nl\/about\/gastenbeoordelingen\/\" \/>\n<meta property=\"og:site_name\" content=\"Wenceslas Cobergher\" \/>\n<meta property=\"article:modified_time\" content=\"2024-03-08T15:08:54+00:00\" \/>\n<meta property=\"og:image\" content=\"https:\/\/wenceslas-cobergher.be\/wp-content\/uploads\/candles-tea-light-board-cosy-autumn-table.png\" \/>\n\t<meta property=\"og:image:width\" content=\"800\" \/>\n\t<meta property=\"og:image:height\" content=\"451\" \/>\n\t<meta property=\"og:image:type\" content=\"image\/png\" \/>\n<meta name=\"twitter:card\" content=\"summary_large_image\" \/>\n<meta name=\"twitter:label1\" content=\"Geschatte leestijd\" \/>\n\t<meta name=\"twitter:data1\" content=\"1 minuut\" \/>\n<script type=\"application\/ld+json\" class=\"yoast-schema-graph\">{\"@context\":\"https:\\\/\\\/schema.org\",\"@graph\":[{\"@type\":\"WebPage\",\"@id\":\"https:\\\/\\\/wenceslas-cobergher.be\\\/nl\\\/about\\\/gastenbeoordelingen\\\/\",\"url\":\"https:\\\/\\\/wenceslas-cobergher.be\\\/nl\\\/about\\\/gastenbeoordelingen\\\/\",\"name\":\"Gastenbeoordelingen - Wenceslas Cobergher\",\"isPartOf\":{\"@id\":\"https:\\\/\\\/wenceslas-cobergher.be\\\/nl\\\/#website\"},\"primaryImageOfPage\":{\"@id\":\"https:\\\/\\\/wenceslas-cobergher.be\\\/nl\\\/about\\\/gastenbeoordelingen\\\/#primaryimage\"},\"image\":{\"@id\":\"https:\\\/\\\/wenceslas-cobergher.be\\\/nl\\\/about\\\/gastenbeoordelingen\\\/#primaryimage\"},\"thumbnailUrl\":\"https:\\\/\\\/wenceslas-cobergher.be\\\/wp-content\\\/uploads\\\/candles-tea-light-board-cosy-autumn-table.png\",\"datePublished\":\"2017-06-16T13:45:00+00:00\",\"dateModified\":\"2024-03-08T15:08:54+00:00\",\"breadcrumb\":{\"@id\":\"https:\\\/\\\/wenceslas-cobergher.be\\\/nl\\\/about\\\/gastenbeoordelingen\\\/#breadcrumb\"},\"inLanguage\":\"nl-NL\",\"potentialAction\":[{\"@type\":\"ReadAction\",\"target\":[\"https:\\\/\\\/wenceslas-cobergher.be\\\/nl\\\/about\\\/gastenbeoordelingen\\\/\"]}]},{\"@type\":\"ImageObject\",\"inLanguage\":\"nl-NL\",\"@id\":\"https:\\\/\\\/wenceslas-cobergher.be\\\/nl\\\/about\\\/gastenbeoordelingen\\\/#primaryimage\",\"url\":\"https:\\\/\\\/wenceslas-cobergher.be\\\/wp-content\\\/uploads\\\/candles-tea-light-board-cosy-autumn-table.png\",\"contentUrl\":\"https:\\\/\\\/wenceslas-cobergher.be\\\/wp-content\\\/uploads\\\/candles-tea-light-board-cosy-autumn-table.png\",\"width\":800,\"height\":451},{\"@type\":\"BreadcrumbList\",\"@id\":\"https:\\\/\\\/wenceslas-cobergher.be\\\/nl\\\/about\\\/gastenbeoordelingen\\\/#breadcrumb\",\"itemListElement\":[{\"@type\":\"ListItem\",\"position\":1,\"name\":\"Home\",\"item\":\"https:\\\/\\\/wenceslas-cobergher.be\\\/nl\\\/\"},{\"@type\":\"ListItem\",\"position\":2,\"name\":\"Over ons\",\"item\":\"https:\\\/\\\/wenceslas-cobergher.be\\\/nl\\\/about\\\/\"},{\"@type\":\"ListItem\",\"position\":3,\"name\":\"Gastenbeoordelingen\"}]},{\"@type\":\"WebSite\",\"@id\":\"https:\\\/\\\/wenceslas-cobergher.be\\\/nl\\\/#website\",\"url\":\"https:\\\/\\\/wenceslas-cobergher.be\\\/nl\\\/\",\"name\":\"Wenceslas Cobergher\",\"description\":\"Vakantie &amp;  Verblijf in Stijl sinds 10 jaar\",\"potentialAction\":[{\"@type\":\"SearchAction\",\"target\":{\"@type\":\"EntryPoint\",\"urlTemplate\":\"https:\\\/\\\/wenceslas-cobergher.be\\\/nl\\\/?s={search_term_string}\"},\"query-input\":{\"@type\":\"PropertyValueSpecification\",\"valueRequired\":true,\"valueName\":\"search_term_string\"}}],\"inLanguage\":\"nl-NL\"}]}<\/script>\n<!-- \/ Yoast SEO plugin. -->","yoast_head_json":{"title":"Gastenbeoordelingen - Wenceslas Cobergher","robots":{"index":"index","follow":"follow","max-snippet":"max-snippet:-1","max-image-preview":"max-image-preview:large","max-video-preview":"max-video-preview:-1"},"canonical":"https:\/\/wenceslas-cobergher.be\/nl\/about\/gastenbeoordelingen\/","og_locale":"nl_NL","og_type":"article","og_title":"Gastenbeoordelingen - Wenceslas Cobergher","og_description":"Thank you for your services, our men were also very satisfied.&nbsp;If we will look for accommodation in future I will contact you. Veronika Zhrivalova, Polen Unsere Leute sind schon zur\u00fcck. Sie waren sehr, sehr zufrieden mit der Wohnung. Ich dachte, sie bekommen das kleine Appartement mit den 3 Betten so wie ich das auf den&hellip;&nbsp;Read More &raquo;Gastenbeoordelingen","og_url":"https:\/\/wenceslas-cobergher.be\/nl\/about\/gastenbeoordelingen\/","og_site_name":"Wenceslas Cobergher","article_modified_time":"2024-03-08T15:08:54+00:00","og_image":[{"width":800,"height":451,"url":"https:\/\/wenceslas-cobergher.be\/wp-content\/uploads\/candles-tea-light-board-cosy-autumn-table.png","type":"image\/png"}],"twitter_card":"summary_large_image","twitter_misc":{"Geschatte leestijd":"1 minuut"},"schema":{"@context":"https:\/\/schema.org","@graph":[{"@type":"WebPage","@id":"https:\/\/wenceslas-cobergher.be\/nl\/about\/gastenbeoordelingen\/","url":"https:\/\/wenceslas-cobergher.be\/nl\/about\/gastenbeoordelingen\/","name":"Gastenbeoordelingen - Wenceslas Cobergher","isPartOf":{"@id":"https:\/\/wenceslas-cobergher.be\/nl\/#website"},"primaryImageOfPage":{"@id":"https:\/\/wenceslas-cobergher.be\/nl\/about\/gastenbeoordelingen\/#primaryimage"},"image":{"@id":"https:\/\/wenceslas-cobergher.be\/nl\/about\/gastenbeoordelingen\/#primaryimage"},"thumbnailUrl":"https:\/\/wenceslas-cobergher.be\/wp-content\/uploads\/candles-tea-light-board-cosy-autumn-table.png","datePublished":"2017-06-16T13:45:00+00:00","dateModified":"2024-03-08T15:08:54+00:00","breadcrumb":{"@id":"https:\/\/wenceslas-cobergher.be\/nl\/about\/gastenbeoordelingen\/#breadcrumb"},"inLanguage":"nl-NL","potentialAction":[{"@type":"ReadAction","target":["https:\/\/wenceslas-cobergher.be\/nl\/about\/gastenbeoordelingen\/"]}]},{"@type":"ImageObject","inLanguage":"nl-NL","@id":"https:\/\/wenceslas-cobergher.be\/nl\/about\/gastenbeoordelingen\/#primaryimage","url":"https:\/\/wenceslas-cobergher.be\/wp-content\/uploads\/candles-tea-light-board-cosy-autumn-table.png","contentUrl":"https:\/\/wenceslas-cobergher.be\/wp-content\/uploads\/candles-tea-light-board-cosy-autumn-table.png","width":800,"height":451},{"@type":"BreadcrumbList","@id":"https:\/\/wenceslas-cobergher.be\/nl\/about\/gastenbeoordelingen\/#breadcrumb","itemListElement":[{"@type":"ListItem","position":1,"name":"Home","item":"https:\/\/wenceslas-cobergher.be\/nl\/"},{"@type":"ListItem","position":2,"name":"Over ons","item":"https:\/\/wenceslas-cobergher.be\/nl\/about\/"},{"@type":"ListItem","position":3,"name":"Gastenbeoordelingen"}]},{"@type":"WebSite","@id":"https:\/\/wenceslas-cobergher.be\/nl\/#website","url":"https:\/\/wenceslas-cobergher.be\/nl\/","name":"Wenceslas Cobergher","description":"Vakantie &amp;  Verblijf in Stijl sinds 10 jaar","potentialAction":[{"@type":"SearchAction","target":{"@type":"EntryPoint","urlTemplate":"https:\/\/wenceslas-cobergher.be\/nl\/?s={search_term_string}"},"query-input":{"@type":"PropertyValueSpecification","valueRequired":true,"valueName":"search_term_string"}}],"inLanguage":"nl-NL"}]}},"_links":{"self":[{"href":"https:\/\/wenceslas-cobergher.be\/nl\/wp-json\/wp\/v2\/pages\/47","targetHints":{"allow":["GET"]}}],"collection":[{"href":"https:\/\/wenceslas-cobergher.be\/nl\/wp-json\/wp\/v2\/pages"}],"about":[{"href":"https:\/\/wenceslas-cobergher.be\/nl\/wp-json\/wp\/v2\/types\/page"}],"author":[{"embeddable":true,"href":"https:\/\/wenceslas-cobergher.be\/nl\/wp-json\/wp\/v2\/users\/1"}],"replies":[{"embeddable":true,"href":"https:\/\/wenceslas-cobergher.be\/nl\/wp-json\/wp\/v2\/comments?post=47"}],"version-history":[{"count":11,"href":"https:\/\/wenceslas-cobergher.be\/nl\/wp-json\/wp\/v2\/pages\/47\/revisions"}],"predecessor-version":[{"id":5245,"href":"https:\/\/wenceslas-cobergher.be\/nl\/wp-json\/wp\/v2\/pages\/47\/revisions\/5245"}],"up":[{"embeddable":true,"href":"https:\/\/wenceslas-cobergher.be\/nl\/wp-json\/wp\/v2\/pages\/8"}],"wp:featuredmedia":[{"embeddable":true,"href":"https:\/\/wenceslas-cobergher.be\/nl\/wp-json\/wp\/v2\/media\/80"}],"wp:attachment":[{"href":"https:\/\/wenceslas-cobergher.be\/nl\/wp-json\/wp\/v2\/media?parent=47"}],"curies":[{"name":"wp","href":"https:\/\/api.w.org\/{rel}","templated":true}]}}