{"id":45,"date":"2017-06-16T13:44:00","date_gmt":"2017-06-16T13:44:00","guid":{"rendered":"https:\/\/wenceslas-cobergher.be\/?page_id=45"},"modified":"2024-03-08T15:08:52","modified_gmt":"2024-03-08T15:08:52","slug":"algemene-voorwaarden","status":"publish","type":"page","link":"https:\/\/wenceslas-cobergher.be\/fr\/about\/algemene-voorwaarden\/","title":{"rendered":"Conditions g\u00e9n\u00e9rales"},"content":{"rendered":"<p>Vous pouvez s\u00e9journer chez nous pour une courte dur\u00e9e ou plus. Concernant les r\u00e9servations pour une <strong>courte p\u00e9riode<\/strong> (entre 1 jour et 2 semaines), vous pourrez le faire directement via notre service de r\u00e9servation.<\/p>\n\n\n\n<p>Pour les r\u00e9servations <strong>sup\u00e9rieures \u00e0 2 semaines, veuillez nous envoyer un e-mail. Vous pouvez \u00e9galement s\u00e9journer dans nos logements pour une longue dur\u00e9e jusqu\u2019\u00e0 1 an<\/strong>.<\/p>\n\n\n\n<p>Tous nos logements sont \u00e9quip\u00e9s de tout le confort n\u00e9cessaire. Nous vous fournirons un lit pour enfants sur demande.<\/p>\n\n\n\n<p>Lors de votre r\u00e9servation, veuillez indiquer bri\u00e8vement quels genres de <strong>lits <\/strong>vous souhaitez : pour 1 ou 2 personnes.<\/p>\n\n\n\n<p>Dans tous nos logements, vous b\u00e9n\u00e9ficierez d\u2019un <strong>acc\u00e8s Wifi gratuit<\/strong> et d\u2019un <strong>lot de linge<\/strong> <strong>de maison<\/strong> avec linge de lit, serviettes et torchons. Il est <strong>interdit de fumer<\/strong> dans nos logements. Vous pourrez naturellement fumer \u00e0 l\u2019ext\u00e9rieur o\u00f9 vous trouverez des cendriers pr\u00e9vus \u00e0 cet effet.<\/p>\n\n\n\n<p>La fourniture du linge de maison (<strong>linge de lit, serviettes et torchons<\/strong>) ainsi que vos <strong>consommations (eau, gaz, \u00e9lectricit\u00e9)<\/strong> sont <strong>compris dans le prix de la location<\/strong>.<\/p>\n\n\n\n<p>Une <strong>caution <\/strong>de <strong>100\u20ac vous sera demand\u00e9e<\/strong>.<\/p>\n\n\n\n<p>Lors de votre r\u00e9servation, pr\u00e9cisez <strong>l\u2019heure approximative \u00e0 laquelle vous souhaitez entrer dans les lieux<\/strong>. Si cela vous est impossible, alors appelez vous au minimum <strong>une demi-heure en avance <\/strong>pour nous pr\u00e9venir afin que nous puissions nous donner les cl\u00e9s rapidement.<\/p>","protected":false},"excerpt":{"rendered":"<p>Vous pouvez s\u00e9journer chez nous pour une courte dur\u00e9e ou plus. Concernant les r\u00e9servations pour une courte p\u00e9riode (entre 1 jour et 2 semaines), vous pourrez le faire directement via notre service de r\u00e9servation. Pour les r\u00e9servations sup\u00e9rieures \u00e0 2 semaines, veuillez nous envoyer un e-mail. Vous pouvez \u00e9galement s\u00e9journer dans nos logements pour une&hellip;&nbsp;<a href=\"https:\/\/wenceslas-cobergher.be\/fr\/about\/algemene-voorwaarden\/\" rel=\"bookmark\">Read More &raquo;<span class=\"screen-reader-text\">Conditions g\u00e9n\u00e9rales<\/span><\/a><\/p>\n","protected":false},"author":1,"featured_media":0,"parent":8,"menu_order":48,"comment_status":"closed","ping_status":"closed","template":"","meta":{"_monsterinsights_skip_tracking":false,"_monsterinsights_sitenote_active":false,"_monsterinsights_sitenote_note":"","_monsterinsights_sitenote_category":0,"neve_meta_sidebar":"","neve_meta_container":"","neve_meta_enable_content_width":"","neve_meta_content_width":0,"neve_meta_title_alignment":"","neve_meta_author_avatar":"","neve_post_elements_order":"","neve_meta_disable_header":"","neve_meta_disable_footer":"","neve_meta_disable_title":"","neve_meta_reading_time":"","_themeisle_gutenberg_block_has_review":false,"footnotes":""},"class_list":["post-45","page","type-page","status-publish","hentry"],"yoast_head":"<!-- This site is optimized with the Yoast SEO plugin v27.5 - https:\/\/yoast.com\/product\/yoast-seo-wordpress\/ -->\n<title>Conditions g\u00e9n\u00e9rales - Wenceslas Cobergher<\/title>\n<meta name=\"robots\" content=\"index, follow, max-snippet:-1, max-image-preview:large, max-video-preview:-1\" \/>\n<link rel=\"canonical\" href=\"https:\/\/wenceslas-cobergher.be\/nl\/about\/algemene-voorwaarden\/\" \/>\n<meta property=\"og:locale\" content=\"fr_FR\" \/>\n<meta property=\"og:type\" content=\"article\" \/>\n<meta property=\"og:title\" content=\"Conditions g\u00e9n\u00e9rales - Wenceslas Cobergher\" \/>\n<meta property=\"og:description\" content=\"Vous pouvez s\u00e9journer chez nous pour une courte dur\u00e9e ou plus. Concernant les r\u00e9servations pour une courte p\u00e9riode (entre 1 jour et 2 semaines), vous pourrez le faire directement via notre service de r\u00e9servation. Pour les r\u00e9servations sup\u00e9rieures \u00e0 2 semaines, veuillez nous envoyer un e-mail. Vous pouvez \u00e9galement s\u00e9journer dans nos logements pour une&hellip;&nbsp;Read More &raquo;Conditions g\u00e9n\u00e9rales\" \/>\n<meta property=\"og:url\" content=\"https:\/\/wenceslas-cobergher.be\/nl\/about\/algemene-voorwaarden\/\" \/>\n<meta property=\"og:site_name\" content=\"Wenceslas Cobergher\" \/>\n<meta property=\"article:modified_time\" content=\"2024-03-08T15:08:52+00:00\" \/>\n<meta name=\"twitter:card\" content=\"summary_large_image\" \/>\n<meta name=\"twitter:label1\" content=\"Dur\u00e9e de lecture estim\u00e9e\" \/>\n\t<meta name=\"twitter:data1\" content=\"5 minutes\" \/>\n<script type=\"application\/ld+json\" class=\"yoast-schema-graph\">{\"@context\":\"https:\\\/\\\/schema.org\",\"@graph\":[{\"@type\":\"WebPage\",\"@id\":\"https:\\\/\\\/wenceslas-cobergher.be\\\/nl\\\/about\\\/algemene-voorwaarden\\\/\",\"url\":\"https:\\\/\\\/wenceslas-cobergher.be\\\/nl\\\/about\\\/algemene-voorwaarden\\\/\",\"name\":\"Conditions g\u00e9n\u00e9rales - Wenceslas Cobergher\",\"isPartOf\":{\"@id\":\"https:\\\/\\\/wenceslas-cobergher.be\\\/nl\\\/#website\"},\"datePublished\":\"2017-06-16T13:44:00+00:00\",\"dateModified\":\"2024-03-08T15:08:52+00:00\",\"breadcrumb\":{\"@id\":\"https:\\\/\\\/wenceslas-cobergher.be\\\/nl\\\/about\\\/algemene-voorwaarden\\\/#breadcrumb\"},\"inLanguage\":\"fr-FR\",\"potentialAction\":[{\"@type\":\"ReadAction\",\"target\":[\"https:\\\/\\\/wenceslas-cobergher.be\\\/nl\\\/about\\\/algemene-voorwaarden\\\/\"]}]},{\"@type\":\"BreadcrumbList\",\"@id\":\"https:\\\/\\\/wenceslas-cobergher.be\\\/nl\\\/about\\\/algemene-voorwaarden\\\/#breadcrumb\",\"itemListElement\":[{\"@type\":\"ListItem\",\"position\":1,\"name\":\"Home\",\"item\":\"https:\\\/\\\/wenceslas-cobergher.be\\\/nl\\\/\"},{\"@type\":\"ListItem\",\"position\":2,\"name\":\"Over ons\",\"item\":\"https:\\\/\\\/wenceslas-cobergher.be\\\/nl\\\/about\\\/\"},{\"@type\":\"ListItem\",\"position\":3,\"name\":\"Algemene voorwaarden\"}]},{\"@type\":\"WebSite\",\"@id\":\"https:\\\/\\\/wenceslas-cobergher.be\\\/nl\\\/#website\",\"url\":\"https:\\\/\\\/wenceslas-cobergher.be\\\/nl\\\/\",\"name\":\"Wenceslas Cobergher\",\"description\":\"Des vacances et des s\u00e9jours qui ont du style\",\"potentialAction\":[{\"@type\":\"SearchAction\",\"target\":{\"@type\":\"EntryPoint\",\"urlTemplate\":\"https:\\\/\\\/wenceslas-cobergher.be\\\/nl\\\/?s={search_term_string}\"},\"query-input\":{\"@type\":\"PropertyValueSpecification\",\"valueRequired\":true,\"valueName\":\"search_term_string\"}}],\"inLanguage\":\"fr-FR\"}]}<\/script>\n<!-- \/ Yoast SEO plugin. -->","yoast_head_json":{"title":"Conditions g\u00e9n\u00e9rales - Wenceslas Cobergher","robots":{"index":"index","follow":"follow","max-snippet":"max-snippet:-1","max-image-preview":"max-image-preview:large","max-video-preview":"max-video-preview:-1"},"canonical":"https:\/\/wenceslas-cobergher.be\/nl\/about\/algemene-voorwaarden\/","og_locale":"fr_FR","og_type":"article","og_title":"Conditions g\u00e9n\u00e9rales - Wenceslas Cobergher","og_description":"Vous pouvez s\u00e9journer chez nous pour une courte dur\u00e9e ou plus. Concernant les r\u00e9servations pour une courte p\u00e9riode (entre 1 jour et 2 semaines), vous pourrez le faire directement via notre service de r\u00e9servation. Pour les r\u00e9servations sup\u00e9rieures \u00e0 2 semaines, veuillez nous envoyer un e-mail. Vous pouvez \u00e9galement s\u00e9journer dans nos logements pour une&hellip;&nbsp;Read More &raquo;Conditions g\u00e9n\u00e9rales","og_url":"https:\/\/wenceslas-cobergher.be\/nl\/about\/algemene-voorwaarden\/","og_site_name":"Wenceslas Cobergher","article_modified_time":"2024-03-08T15:08:52+00:00","twitter_card":"summary_large_image","twitter_misc":{"Dur\u00e9e de lecture estim\u00e9e":"5 minutes"},"schema":{"@context":"https:\/\/schema.org","@graph":[{"@type":"WebPage","@id":"https:\/\/wenceslas-cobergher.be\/nl\/about\/algemene-voorwaarden\/","url":"https:\/\/wenceslas-cobergher.be\/nl\/about\/algemene-voorwaarden\/","name":"Conditions g\u00e9n\u00e9rales - Wenceslas Cobergher","isPartOf":{"@id":"https:\/\/wenceslas-cobergher.be\/nl\/#website"},"datePublished":"2017-06-16T13:44:00+00:00","dateModified":"2024-03-08T15:08:52+00:00","breadcrumb":{"@id":"https:\/\/wenceslas-cobergher.be\/nl\/about\/algemene-voorwaarden\/#breadcrumb"},"inLanguage":"fr-FR","potentialAction":[{"@type":"ReadAction","target":["https:\/\/wenceslas-cobergher.be\/nl\/about\/algemene-voorwaarden\/"]}]},{"@type":"BreadcrumbList","@id":"https:\/\/wenceslas-cobergher.be\/nl\/about\/algemene-voorwaarden\/#breadcrumb","itemListElement":[{"@type":"ListItem","position":1,"name":"Home","item":"https:\/\/wenceslas-cobergher.be\/nl\/"},{"@type":"ListItem","position":2,"name":"Over ons","item":"https:\/\/wenceslas-cobergher.be\/nl\/about\/"},{"@type":"ListItem","position":3,"name":"Algemene voorwaarden"}]},{"@type":"WebSite","@id":"https:\/\/wenceslas-cobergher.be\/nl\/#website","url":"https:\/\/wenceslas-cobergher.be\/nl\/","name":"Wenceslas Cobergher","description":"Des vacances et des s\u00e9jours qui ont du style","potentialAction":[{"@type":"SearchAction","target":{"@type":"EntryPoint","urlTemplate":"https:\/\/wenceslas-cobergher.be\/nl\/?s={search_term_string}"},"query-input":{"@type":"PropertyValueSpecification","valueRequired":true,"valueName":"search_term_string"}}],"inLanguage":"fr-FR"}]}},"_links":{"self":[{"href":"https:\/\/wenceslas-cobergher.be\/fr\/wp-json\/wp\/v2\/pages\/45","targetHints":{"allow":["GET"]}}],"collection":[{"href":"https:\/\/wenceslas-cobergher.be\/fr\/wp-json\/wp\/v2\/pages"}],"about":[{"href":"https:\/\/wenceslas-cobergher.be\/fr\/wp-json\/wp\/v2\/types\/page"}],"author":[{"embeddable":true,"href":"https:\/\/wenceslas-cobergher.be\/fr\/wp-json\/wp\/v2\/users\/1"}],"replies":[{"embeddable":true,"href":"https:\/\/wenceslas-cobergher.be\/fr\/wp-json\/wp\/v2\/comments?post=45"}],"version-history":[{"count":11,"href":"https:\/\/wenceslas-cobergher.be\/fr\/wp-json\/wp\/v2\/pages\/45\/revisions"}],"predecessor-version":[{"id":5246,"href":"https:\/\/wenceslas-cobergher.be\/fr\/wp-json\/wp\/v2\/pages\/45\/revisions\/5246"}],"up":[{"embeddable":true,"href":"https:\/\/wenceslas-cobergher.be\/fr\/wp-json\/wp\/v2\/pages\/8"}],"wp:attachment":[{"href":"https:\/\/wenceslas-cobergher.be\/fr\/wp-json\/wp\/v2\/media?parent=45"}],"curies":[{"name":"wp","href":"https:\/\/api.w.org\/{rel}","templated":true}]}}