{"id":7,"date":"2017-06-16T13:27:30","date_gmt":"2017-06-16T13:27:30","guid":{"rendered":"https:\/\/wenceslas-cobergher.be\/?page_id=7"},"modified":"2024-03-08T14:37:51","modified_gmt":"2024-03-08T14:37:51","slug":"home","status":"publish","type":"page","link":"https:\/\/wenceslas-cobergher.be\/de\/","title":{"rendered":"Home"},"content":{"rendered":"<div id=\"wp-block-themeisle-blocks-advanced-columns-2771bf3c\" class=\"wp-block-themeisle-blocks-advanced-columns alignfull has-1-columns has-desktop-equal-layout has-tablet-equal-layout has-mobile-equal-layout has-vertical-unset\"><div class=\"wp-block-themeisle-blocks-advanced-columns-overlay\"><\/div><div class=\"innerblocks-wrap\">\n<div id=\"wp-block-themeisle-blocks-advanced-column-fc30082a\" class=\"wp-block-themeisle-blocks-advanced-column\">\n<div class=\"wp-block-cb-carousel cb-single-slide ticss-e7df2b98\" data-slick=\"{&quot;slidesToShow&quot;:1,&quot;slidesToScroll&quot;:1,&quot;speed&quot;:300,&quot;arrows&quot;:true,&quot;dots&quot;:true,&quot;autoplay&quot;:true,&quot;autoplaySpeed&quot;:4000,&quot;infinite&quot;:true,&quot;responsive&quot;:[{&quot;breakpoint&quot;:1921,&quot;settings&quot;:{&quot;slidesToShow&quot;:1,&quot;slidesToScroll&quot;:1}}]}\">\n<div class=\"wp-block-cb-slide\">\n<div class=\"wp-block-cover\" style=\"padding-right:var(--wp--preset--spacing--30);padding-left:var(--wp--preset--spacing--30)\"><span aria-hidden=\"true\" class=\"wp-block-cover__background has-background-dim-10 has-background-dim\"><\/span><img loading=\"lazy\" decoding=\"async\" width=\"1500\" height=\"408\" class=\"wp-block-cover__image-background wp-image-91\" alt=\"\" src=\"http:\/\/wenceslas-cobergher.be\/wp-content\/uploads\/cropped-samble-globe-1.jpg\" data-object-fit=\"cover\" srcset=\"https:\/\/wenceslas-cobergher.be\/wp-content\/uploads\/cropped-samble-globe-1.jpg 1500w, https:\/\/wenceslas-cobergher.be\/wp-content\/uploads\/cropped-samble-globe-1-300x82.jpg 300w, https:\/\/wenceslas-cobergher.be\/wp-content\/uploads\/cropped-samble-globe-1-768x209.jpg 768w, https:\/\/wenceslas-cobergher.be\/wp-content\/uploads\/cropped-samble-globe-1-1024x279.jpg 1024w\" sizes=\"auto, (max-width: 1500px) 100vw, 1500px\" \/><div class=\"wp-block-cover__inner-container is-layout-constrained wp-container-core-cover-is-layout-a68114f4 wp-block-cover-is-layout-constrained\">\n<p class=\"has-text-align-center has-nv-site-bg-color has-text-color has-link-color has-small-font-size wp-elements-a5888dc6df38b4f28b97acdc8d47b3f7\" style=\"font-style:normal;font-weight:800\"><\/p>\n\n\n\n<p class=\"has-text-align-center has-nv-site-bg-color has-text-color has-link-color has-x-large-font-size wp-elements-65e5a44521254b381c0a54592488cb03\" style=\"font-style:normal;font-weight:800;text-transform:uppercase\"><strong>Gem\u00fctlichkeit angesagt<\/strong><\/p>\n\n\n\n<p class=\"has-text-align-center has-nv-site-bg-color has-text-color has-background has-link-color wp-elements-3a79c31d30bb6d4e9de52e96f178e773\" style=\"background-color:#e3e0d32b;font-size:24px\">Bei Wenceslas Cobergher wohnen Sie in einer h\u00e4uslichen Atmosph\u00e4re, in der Gem\u00fctlichkeit eine Bereicherung ist.<\/p>\n\n\n\n<p class=\"has-text-align-center has-nv-site-bg-color has-text-color has-link-color has-small-font-size wp-elements-c8dff3e42c428314893033ccb334b0fe\"><\/p>\n<\/div><\/div>\n<\/div>\n\n\n\n<div class=\"wp-block-cb-slide\">\n<div class=\"wp-block-cover\" style=\"padding-right:var(--wp--preset--spacing--30);padding-left:var(--wp--preset--spacing--30)\"><span aria-hidden=\"true\" class=\"wp-block-cover__background has-background-dim-10 has-background-dim\"><\/span><img loading=\"lazy\" decoding=\"async\" width=\"1920\" height=\"522\" class=\"wp-block-cover__image-background wp-image-5159\" alt=\"\" src=\"http:\/\/wenceslas-cobergher.be\/wp-content\/uploads\/wenceslas-cobergher_0003_jonas-jacobsson-4R0mm00gq6s-unsplash.jpg\" data-object-fit=\"cover\" srcset=\"https:\/\/wenceslas-cobergher.be\/wp-content\/uploads\/wenceslas-cobergher_0003_jonas-jacobsson-4R0mm00gq6s-unsplash.jpg 1920w, https:\/\/wenceslas-cobergher.be\/wp-content\/uploads\/wenceslas-cobergher_0003_jonas-jacobsson-4R0mm00gq6s-unsplash-300x82.jpg 300w, https:\/\/wenceslas-cobergher.be\/wp-content\/uploads\/wenceslas-cobergher_0003_jonas-jacobsson-4R0mm00gq6s-unsplash-1024x278.jpg 1024w, https:\/\/wenceslas-cobergher.be\/wp-content\/uploads\/wenceslas-cobergher_0003_jonas-jacobsson-4R0mm00gq6s-unsplash-768x209.jpg 768w, https:\/\/wenceslas-cobergher.be\/wp-content\/uploads\/wenceslas-cobergher_0003_jonas-jacobsson-4R0mm00gq6s-unsplash-1536x418.jpg 1536w\" sizes=\"auto, (max-width: 1920px) 100vw, 1920px\" \/><div class=\"wp-block-cover__inner-container is-layout-constrained wp-container-core-cover-is-layout-a68114f4 wp-block-cover-is-layout-constrained\">\n<p class=\"has-text-align-center has-nv-site-bg-color has-text-color has-link-color has-small-font-size wp-elements-a5888dc6df38b4f28b97acdc8d47b3f7\" style=\"font-style:normal;font-weight:800\"><\/p>\n\n\n\n<p class=\"has-text-align-center has-nv-site-bg-color has-text-color has-link-color has-x-large-font-size wp-elements-8a53695754d71cd02bb33d6fd6f683f3\" style=\"font-style:normal;font-weight:800;text-transform:uppercase\"><strong><strong>Eigene K\u00fcche<\/strong><\/strong><\/p>\n\n\n\n<p class=\"has-text-align-center has-nv-site-bg-color has-text-color has-background has-link-color wp-elements-83a473b105ca172d63df6afa857192c7\" style=\"background-color:#e3e0d32b;font-size:24px\">In Ihrer eigenen K\u00fcche bereiten Sie zu, was Sie m\u00f6chten, wann Sie m\u00f6chten und wie Sie es m\u00f6chten.<\/p>\n\n\n\n<p class=\"has-text-align-center has-nv-site-bg-color has-text-color has-link-color has-small-font-size wp-elements-c8dff3e42c428314893033ccb334b0fe\"><\/p>\n<\/div><\/div>\n<\/div>\n\n\n\n<div class=\"wp-block-cb-slide\">\n<div class=\"wp-block-cover\" style=\"padding-right:var(--wp--preset--spacing--30);padding-left:var(--wp--preset--spacing--30)\"><span aria-hidden=\"true\" class=\"wp-block-cover__background has-background-dim-10 has-background-dim\"><\/span><img loading=\"lazy\" decoding=\"async\" width=\"1920\" height=\"522\" class=\"wp-block-cover__image-background wp-image-5155\" alt=\"\" src=\"http:\/\/wenceslas-cobergher.be\/wp-content\/uploads\/wenceslas-cobergher_0006_Background.jpg\" data-object-fit=\"cover\" srcset=\"https:\/\/wenceslas-cobergher.be\/wp-content\/uploads\/wenceslas-cobergher_0006_Background.jpg 1920w, https:\/\/wenceslas-cobergher.be\/wp-content\/uploads\/wenceslas-cobergher_0006_Background-300x82.jpg 300w, https:\/\/wenceslas-cobergher.be\/wp-content\/uploads\/wenceslas-cobergher_0006_Background-1024x278.jpg 1024w, https:\/\/wenceslas-cobergher.be\/wp-content\/uploads\/wenceslas-cobergher_0006_Background-768x209.jpg 768w, https:\/\/wenceslas-cobergher.be\/wp-content\/uploads\/wenceslas-cobergher_0006_Background-1536x418.jpg 1536w\" sizes=\"auto, (max-width: 1920px) 100vw, 1920px\" \/><div class=\"wp-block-cover__inner-container is-layout-constrained wp-container-core-cover-is-layout-a68114f4 wp-block-cover-is-layout-constrained\">\n<p class=\"has-text-align-center has-nv-site-bg-color has-text-color has-link-color has-small-font-size wp-elements-a5888dc6df38b4f28b97acdc8d47b3f7\" style=\"font-style:normal;font-weight:800\"><\/p>\n\n\n\n<p class=\"has-text-align-center has-nv-site-bg-color has-text-color has-link-color has-x-large-font-size wp-elements-65e5a44521254b381c0a54592488cb03\" style=\"font-style:normal;font-weight:800;text-transform:uppercase\"><strong>Gem\u00fctlichkeit angesagt<\/strong><\/p>\n\n\n\n<p class=\"has-text-align-center has-nv-site-bg-color has-text-color has-background has-link-color wp-elements-3a79c31d30bb6d4e9de52e96f178e773\" style=\"background-color:#e3e0d32b;font-size:24px\">Bei Wenceslas Cobergher wohnen Sie in einer h\u00e4uslichen Atmosph\u00e4re, in der Gem\u00fctlichkeit eine Bereicherung ist.<\/p>\n\n\n\n<p class=\"has-text-align-center has-nv-site-bg-color has-text-color has-link-color has-small-font-size wp-elements-c8dff3e42c428314893033ccb334b0fe\"><\/p>\n<\/div><\/div>\n<\/div>\n\n\n\n<div class=\"wp-block-cb-slide\">\n<div class=\"wp-block-cover\" style=\"padding-right:var(--wp--preset--spacing--30);padding-left:var(--wp--preset--spacing--30)\"><span aria-hidden=\"true\" class=\"wp-block-cover__background has-background-dim-10 has-background-dim\"><\/span><img loading=\"lazy\" decoding=\"async\" width=\"1920\" height=\"522\" class=\"wp-block-cover__image-background wp-image-5209\" alt=\"\" src=\"http:\/\/wenceslas-cobergher.be\/wp-content\/uploads\/wenceslas-cobergher_0007_Background.jpg\" style=\"object-position:51% 68%\" data-object-fit=\"cover\" data-object-position=\"51% 68%\" srcset=\"https:\/\/wenceslas-cobergher.be\/wp-content\/uploads\/wenceslas-cobergher_0007_Background.jpg 1920w, https:\/\/wenceslas-cobergher.be\/wp-content\/uploads\/wenceslas-cobergher_0007_Background-300x82.jpg 300w, https:\/\/wenceslas-cobergher.be\/wp-content\/uploads\/wenceslas-cobergher_0007_Background-1024x278.jpg 1024w, https:\/\/wenceslas-cobergher.be\/wp-content\/uploads\/wenceslas-cobergher_0007_Background-768x209.jpg 768w, https:\/\/wenceslas-cobergher.be\/wp-content\/uploads\/wenceslas-cobergher_0007_Background-1536x418.jpg 1536w\" sizes=\"auto, (max-width: 1920px) 100vw, 1920px\" \/><div class=\"wp-block-cover__inner-container is-layout-constrained wp-container-core-cover-is-layout-a68114f4 wp-block-cover-is-layout-constrained\">\n<p class=\"has-text-align-center has-nv-site-bg-color has-text-color has-link-color has-small-font-size wp-elements-a5888dc6df38b4f28b97acdc8d47b3f7\" style=\"font-style:normal;font-weight:800\"><\/p>\n\n\n\n<p class=\"has-text-align-center has-nv-site-bg-color has-text-color has-link-color has-x-large-font-size wp-elements-8a53695754d71cd02bb33d6fd6f683f3\" style=\"font-style:normal;font-weight:800;text-transform:uppercase\"><strong><strong>Eigene K\u00fcche<\/strong><\/strong><\/p>\n\n\n\n<p class=\"has-text-align-center has-nv-site-bg-color has-text-color has-background has-link-color wp-elements-83a473b105ca172d63df6afa857192c7\" style=\"background-color:#e3e0d32b;font-size:24px\">In Ihrer eigenen K\u00fcche bereiten Sie zu, was Sie m\u00f6chten, wann Sie m\u00f6chten und wie Sie es m\u00f6chten.<\/p>\n\n\n\n<p class=\"has-text-align-center has-nv-site-bg-color has-text-color has-link-color has-small-font-size wp-elements-c8dff3e42c428314893033ccb334b0fe\"><\/p>\n<\/div><\/div>\n<\/div>\n<\/div>\n<\/div>\n<\/div><\/div>\n\n\n\n<p> <\/p>\n\n\n\n<div id=\"wp-block-themeisle-blocks-advanced-columns-d239e7c7\" class=\"wp-block-themeisle-blocks-advanced-columns alignfull has-1-columns has-desktop-equal-layout has-tablet-equal-layout has-mobile-equal-layout has-vertical-unset\"><div class=\"wp-block-themeisle-blocks-advanced-columns-overlay\"><\/div><div class=\"innerblocks-wrap\">\n<div id=\"wp-block-themeisle-blocks-advanced-column-a9a190c2\" class=\"wp-block-themeisle-blocks-advanced-column\">\n<h2 class=\"wp-block-heading has-text-align-center has-nv-c-1-color has-text-color has-link-color wp-elements-26f412567f2e78cf0355f63961125ed4\">Wenceslas Cobergher I<\/h2>\n\n\n\n<div id=\"wp-block-themeisle-blocks-advanced-columns-f8cbb7e8\" class=\"wp-block-themeisle-blocks-advanced-columns alignwide has-2-columns has-desktop-oneTwo-layout has-tablet-equal-layout has-mobile-collapsedRows-layout has-vertical-unset\"><div class=\"wp-block-themeisle-blocks-advanced-columns-overlay\"><\/div><div class=\"innerblocks-wrap\">\n<div id=\"wp-block-themeisle-blocks-advanced-column-187caa67\" class=\"wp-block-themeisle-blocks-advanced-column\"><div class=\"wp-block-image\">\n<figure class=\"aligncenter size-full is-resized\"><img loading=\"lazy\" decoding=\"async\" width=\"350\" height=\"350\" src=\"http:\/\/wenceslas-cobergher.be\/wp-content\/uploads\/wenceslas-cobergher-i-b.png\" alt=\"\" class=\"wp-image-195\" style=\"width:320px\" srcset=\"https:\/\/wenceslas-cobergher.be\/wp-content\/uploads\/wenceslas-cobergher-i-b.png 350w, https:\/\/wenceslas-cobergher.be\/wp-content\/uploads\/wenceslas-cobergher-i-b-150x150.png 150w, https:\/\/wenceslas-cobergher.be\/wp-content\/uploads\/wenceslas-cobergher-i-b-300x300.png 300w\" sizes=\"auto, (max-width: 350px) 100vw, 350px\" \/><\/figure>\n<\/div><\/div>\n\n\n\n<div id=\"wp-block-themeisle-blocks-advanced-column-0f0d4443\" class=\"wp-block-themeisle-blocks-advanced-column\">\n<p>Unser&nbsp;<a href=\"https:\/\/wenceslas-cobergher.be\/de\/vakantiewoning-scherpenheuvel\/\">mit 3-Sternen ausgezeichnetes Ferienhaus<\/a>&nbsp;befindet sich in Laufn\u00e4he zur Basilika Onze-Lieve-Vrouw van Scherpenheuvel und ist mit allem Komfort ausgestattet. Sie haben dort u. a. Ihre eigene Kochgelegenheit und kostenloses WLAN.<\/p>\n\n\n\n<p><a href=\"https:\/\/www.wenceslas-cobergher.be\/de\/vakantiewoning-scherpenheuvel\/\">Lesen Sie mehr&#8230;<\/a><\/p>\n<\/div>\n<\/div><\/div>\n<\/div>\n<\/div><\/div>\n\n\n\n<div id=\"wp-block-themeisle-blocks-advanced-columns-0c8a813b\" class=\"wp-block-themeisle-blocks-advanced-columns alignfull has-1-columns has-desktop-equal-layout has-tablet-equal-layout has-mobile-equal-layout has-vertical-unset has-light-bg\"><div class=\"wp-block-themeisle-blocks-advanced-columns-overlay\"><\/div><div class=\"innerblocks-wrap\">\n<div id=\"wp-block-themeisle-blocks-advanced-column-577b02dc\" class=\"wp-block-themeisle-blocks-advanced-column\">\n<h2 class=\"wp-block-heading has-text-align-center has-nv-c-1-color has-text-color has-link-color wp-elements-0d275f312082236153fde73bf82f0a3f\">Wenceslas Cobergher II<\/h2>\n\n\n\n<div id=\"wp-block-themeisle-blocks-advanced-columns-6ad72faf\" class=\"wp-block-themeisle-blocks-advanced-columns alignwide has-2-columns has-desktop-twoOne-layout has-tablet-equal-layout has-mobile-collapsedRows-layout has-vertical-unset\"><div class=\"wp-block-themeisle-blocks-advanced-columns-overlay\"><\/div><div class=\"innerblocks-wrap\">\n<div id=\"wp-block-themeisle-blocks-advanced-column-ab122ae3\" class=\"wp-block-themeisle-blocks-advanced-column\">\n<p>Das&nbsp;<a href=\"https:\/\/wenceslas-cobergher.be\/de\/appartement-boutersem\/\">Ferienappartement Wenceslas Cobergher in Boutersem<\/a>&nbsp;ist eine tierfreundliche Unterkunft im Hageland und mit allem Komfort ausgestattet. Die Wohnung eignet sich ebenfalls sehr gut f\u00fcr Arbeiter, die eine tempor\u00e4re Unterkunft ben\u00f6tigen. Lesen Sie mehr&#8230;<\/p>\n\n\n\n<p><a href=\"https:\/\/www.wenceslas-cobergher.be\/de\/appartement-boutersem\/\">Lesen Sie mehr&#8230;<\/a><\/p>\n<\/div>\n\n\n\n<div id=\"wp-block-themeisle-blocks-advanced-column-1e750962\" class=\"wp-block-themeisle-blocks-advanced-column\"><div class=\"wp-block-image\">\n<figure class=\"aligncenter size-full is-resized\"><img loading=\"lazy\" decoding=\"async\" width=\"350\" height=\"350\" src=\"http:\/\/wenceslas-cobergher.be\/wp-content\/uploads\/wenceslas-cobergher-ii.png\" alt=\"\" class=\"wp-image-196\" style=\"width:320px\" srcset=\"https:\/\/wenceslas-cobergher.be\/wp-content\/uploads\/wenceslas-cobergher-ii.png 350w, https:\/\/wenceslas-cobergher.be\/wp-content\/uploads\/wenceslas-cobergher-ii-150x150.png 150w, https:\/\/wenceslas-cobergher.be\/wp-content\/uploads\/wenceslas-cobergher-ii-300x300.png 300w\" sizes=\"auto, (max-width: 350px) 100vw, 350px\" \/><\/figure>\n<\/div><\/div>\n<\/div><\/div>\n<\/div>\n<\/div><\/div>\n\n\n\n<div id=\"wp-block-themeisle-blocks-advanced-columns-7fb9e9a6\" class=\"wp-block-themeisle-blocks-advanced-columns alignfull has-1-columns has-desktop-equal-layout has-tablet-equal-layout has-mobile-equal-layout has-vertical-unset\"><div class=\"wp-block-themeisle-blocks-advanced-columns-overlay\"><\/div><div class=\"innerblocks-wrap\">\n<div id=\"wp-block-themeisle-blocks-advanced-column-0b51a86b\" class=\"wp-block-themeisle-blocks-advanced-column\">\n<h2 class=\"wp-block-heading has-text-align-center has-nv-c-1-color has-text-color has-link-color wp-elements-abc4cae75655f97c45df6d22e9f93932\">Wenceslas Cobergher III<\/h2>\n\n\n\n<div id=\"wp-block-themeisle-blocks-advanced-columns-089e3d39\" class=\"wp-block-themeisle-blocks-advanced-columns alignwide has-2-columns has-desktop-twoOne-layout has-tablet-equal-layout has-mobile-collapsedRows-layout has-vertical-unset\"><div class=\"wp-block-themeisle-blocks-advanced-columns-overlay\"><\/div><div class=\"innerblocks-wrap\">\n<div id=\"wp-block-themeisle-blocks-advanced-column-e5061795\" class=\"wp-block-themeisle-blocks-advanced-column\"><div class=\"wp-block-image\">\n<figure class=\"aligncenter size-full is-resized\"><img loading=\"lazy\" decoding=\"async\" width=\"350\" height=\"350\" src=\"http:\/\/wenceslas-cobergher.be\/wp-content\/uploads\/wenceslas-cobergher-iii.png\" alt=\"\" class=\"wp-image-197\" style=\"width:320px\" srcset=\"https:\/\/wenceslas-cobergher.be\/wp-content\/uploads\/wenceslas-cobergher-iii.png 350w, https:\/\/wenceslas-cobergher.be\/wp-content\/uploads\/wenceslas-cobergher-iii-150x150.png 150w, https:\/\/wenceslas-cobergher.be\/wp-content\/uploads\/wenceslas-cobergher-iii-300x300.png 300w\" sizes=\"auto, (max-width: 350px) 100vw, 350px\" \/><\/figure>\n<\/div><\/div>\n\n\n\n<div id=\"wp-block-themeisle-blocks-advanced-column-8364992c\" class=\"wp-block-themeisle-blocks-advanced-column\">\n<p>Diese&nbsp;<a href=\"https:\/\/wenceslas-cobergher.be\/de\/wenceslas-cobergher-4\/\">Ferienwohnung zwischen Leuven und Br\u00fcssel<\/a>&nbsp;ist f\u00fcr 9 Personen (4 Schlafzimmer) geeignet und verf\u00fcgt \u00fcber alle Annehmlichkeiten, wie WLAN, Klimaanlage, ausgestattete K\u00fcche, Bad und Dusche und Flachbildfernseher.<\/p>\n\n\n\n<p><a href=\"https:\/\/wenceslas-cobergher.be\/de\/wenceslas-cobergher-4\/\">Lesen Sie mehr&#8230;<\/a><\/p>\n<\/div>\n<\/div><\/div>\n<\/div>\n<\/div><\/div>\n\n\n\n<div id=\"wp-block-themeisle-blocks-advanced-columns-2cd1bf70\" class=\"wp-block-themeisle-blocks-advanced-columns alignfull has-1-columns has-desktop-equal-layout has-tablet-equal-layout has-mobile-equal-layout has-vertical-unset has-light-bg\"><div class=\"wp-block-themeisle-blocks-advanced-columns-overlay\"><\/div><div class=\"innerblocks-wrap\">\n<div id=\"wp-block-themeisle-blocks-advanced-column-f6cb7f58\" class=\"wp-block-themeisle-blocks-advanced-column\">\n<h2 class=\"wp-block-heading has-text-align-center has-nv-c-1-color has-text-color has-link-color wp-elements-d89f678d4c7c5778754c7f07abc5254e\">Wenceslas Cobergher IV<\/h2>\n\n\n\n<div id=\"wp-block-themeisle-blocks-advanced-columns-e26e2fa5\" class=\"wp-block-themeisle-blocks-advanced-columns alignwide has-2-columns has-desktop-twoOne-layout has-tablet-equal-layout has-mobile-collapsedRows-layout has-vertical-unset\"><div class=\"wp-block-themeisle-blocks-advanced-columns-overlay\"><\/div><div class=\"innerblocks-wrap\">\n<div id=\"wp-block-themeisle-blocks-advanced-column-0b85257b\" class=\"wp-block-themeisle-blocks-advanced-column\">\n<p><a href=\"https:\/\/wenceslas-cobergher.be\/fr\/wenceslas-cobergher-4\/\">Cette maison de vacances<\/a>&nbsp;est aussi situ\u00e9e entre Louvain et Bruxelles. Ce logement peut accueillir 9 personnes (4 chambres) et est \u00e9quip\u00e9 de tout le confort n\u00e9cessaire, comme acc\u00e8s WiFi , climatisation, bain et douche et un \u00e9cran plat.<\/p>\n\n\n\n<p><a href=\"https:\/\/wenceslas-cobergher.be\/fr\/wenceslas-cobergher-4\/\">Lire plus&#8230;<\/a><\/p>\n<\/div>\n\n\n\n<div id=\"wp-block-themeisle-blocks-advanced-column-8f4ebc29\" class=\"wp-block-themeisle-blocks-advanced-column\"><div class=\"wp-block-image\">\n<figure class=\"aligncenter size-full is-resized\"><img loading=\"lazy\" decoding=\"async\" width=\"350\" height=\"350\" src=\"http:\/\/wenceslas-cobergher.be\/wp-content\/uploads\/wenceslas-cobergher-iv.png\" alt=\"\" class=\"wp-image-274\" style=\"width:320px\" srcset=\"https:\/\/wenceslas-cobergher.be\/wp-content\/uploads\/wenceslas-cobergher-iv.png 350w, https:\/\/wenceslas-cobergher.be\/wp-content\/uploads\/wenceslas-cobergher-iv-150x150.png 150w, https:\/\/wenceslas-cobergher.be\/wp-content\/uploads\/wenceslas-cobergher-iv-300x300.png 300w\" sizes=\"auto, (max-width: 350px) 100vw, 350px\" \/><\/figure>\n<\/div><\/div>\n<\/div><\/div>\n<\/div>\n<\/div><\/div>\n\n\n\n<p><\/p>","protected":false},"excerpt":{"rendered":"","protected":false},"author":1,"featured_media":0,"parent":0,"menu_order":2,"comment_status":"closed","ping_status":"closed","template":"","meta":{"_monsterinsights_skip_tracking":false,"_monsterinsights_sitenote_active":false,"_monsterinsights_sitenote_note":"","_monsterinsights_sitenote_category":0,"neve_meta_sidebar":"","neve_meta_container":"","neve_meta_enable_content_width":"off","neve_meta_content_width":100,"neve_meta_title_alignment":"","neve_meta_author_avatar":"","neve_post_elements_order":"","neve_meta_disable_header":"","neve_meta_disable_footer":"","neve_meta_disable_title":"on","neve_meta_reading_time":"","_themeisle_gutenberg_block_has_review":false,"footnotes":""},"class_list":["post-7","page","type-page","status-publish","hentry"],"yoast_head":"<!-- This site is optimized with the Yoast SEO plugin v27.5 - https:\/\/yoast.com\/product\/yoast-seo-wordpress\/ -->\n<title>Home - Wenceslas Cobergher<\/title>\n<meta name=\"robots\" content=\"index, follow, max-snippet:-1, max-image-preview:large, max-video-preview:-1\" \/>\n<link rel=\"canonical\" href=\"https:\/\/wenceslas-cobergher.be\/nl\/\" \/>\n<meta property=\"og:locale\" content=\"de_DE\" \/>\n<meta property=\"og:type\" content=\"article\" \/>\n<meta property=\"og:title\" content=\"Home - Wenceslas Cobergher\" \/>\n<meta property=\"og:url\" content=\"https:\/\/wenceslas-cobergher.be\/nl\/\" \/>\n<meta property=\"og:site_name\" content=\"Wenceslas Cobergher\" \/>\n<meta property=\"article:modified_time\" content=\"2024-03-08T14:37:51+00:00\" \/>\n<meta property=\"og:image\" content=\"http:\/\/wenceslas-cobergher.be\/wp-content\/uploads\/cropped-samble-globe-1.jpg\" \/>\n<meta name=\"twitter:card\" content=\"summary_large_image\" \/>\n<meta name=\"twitter:label1\" content=\"Gesch\u00e4tzte Lesezeit\" \/>\n\t<meta name=\"twitter:data1\" content=\"11\u00a0Minuten\" \/>\n<script type=\"application\/ld+json\" class=\"yoast-schema-graph\">{\"@context\":\"https:\\\/\\\/schema.org\",\"@graph\":[{\"@type\":\"WebPage\",\"@id\":\"https:\\\/\\\/wenceslas-cobergher.be\\\/nl\\\/\",\"url\":\"https:\\\/\\\/wenceslas-cobergher.be\\\/nl\\\/\",\"name\":\"Home - Wenceslas Cobergher\",\"isPartOf\":{\"@id\":\"https:\\\/\\\/wenceslas-cobergher.be\\\/nl\\\/#website\"},\"primaryImageOfPage\":{\"@id\":\"https:\\\/\\\/wenceslas-cobergher.be\\\/nl\\\/#primaryimage\"},\"image\":{\"@id\":\"https:\\\/\\\/wenceslas-cobergher.be\\\/nl\\\/#primaryimage\"},\"thumbnailUrl\":\"http:\\\/\\\/wenceslas-cobergher.be\\\/wp-content\\\/uploads\\\/cropped-samble-globe-1.jpg\",\"datePublished\":\"2017-06-16T13:27:30+00:00\",\"dateModified\":\"2024-03-08T14:37:51+00:00\",\"breadcrumb\":{\"@id\":\"https:\\\/\\\/wenceslas-cobergher.be\\\/nl\\\/#breadcrumb\"},\"inLanguage\":\"de\",\"potentialAction\":[{\"@type\":\"ReadAction\",\"target\":[\"https:\\\/\\\/wenceslas-cobergher.be\\\/nl\\\/\"]}]},{\"@type\":\"ImageObject\",\"inLanguage\":\"de\",\"@id\":\"https:\\\/\\\/wenceslas-cobergher.be\\\/nl\\\/#primaryimage\",\"url\":\"http:\\\/\\\/wenceslas-cobergher.be\\\/wp-content\\\/uploads\\\/cropped-samble-globe-1.jpg\",\"contentUrl\":\"http:\\\/\\\/wenceslas-cobergher.be\\\/wp-content\\\/uploads\\\/cropped-samble-globe-1.jpg\"},{\"@type\":\"BreadcrumbList\",\"@id\":\"https:\\\/\\\/wenceslas-cobergher.be\\\/nl\\\/#breadcrumb\",\"itemListElement\":[{\"@type\":\"ListItem\",\"position\":1,\"name\":\"Home\",\"item\":\"https:\\\/\\\/wenceslas-cobergher.be\\\/nl\\\/\"},{\"@type\":\"ListItem\",\"position\":2,\"name\":\"Home\"}]},{\"@type\":\"WebSite\",\"@id\":\"https:\\\/\\\/wenceslas-cobergher.be\\\/nl\\\/#website\",\"url\":\"https:\\\/\\\/wenceslas-cobergher.be\\\/nl\\\/\",\"name\":\"Wenceslas Cobergher\",\"description\":\"Urlaub &amp;  Aufenthalt in Style\",\"potentialAction\":[{\"@type\":\"SearchAction\",\"target\":{\"@type\":\"EntryPoint\",\"urlTemplate\":\"https:\\\/\\\/wenceslas-cobergher.be\\\/nl\\\/?s={search_term_string}\"},\"query-input\":{\"@type\":\"PropertyValueSpecification\",\"valueRequired\":true,\"valueName\":\"search_term_string\"}}],\"inLanguage\":\"de\"}]}<\/script>\n<!-- \/ Yoast SEO plugin. -->","yoast_head_json":{"title":"Home - Wenceslas Cobergher","robots":{"index":"index","follow":"follow","max-snippet":"max-snippet:-1","max-image-preview":"max-image-preview:large","max-video-preview":"max-video-preview:-1"},"canonical":"https:\/\/wenceslas-cobergher.be\/nl\/","og_locale":"de_DE","og_type":"article","og_title":"Home - Wenceslas Cobergher","og_url":"https:\/\/wenceslas-cobergher.be\/nl\/","og_site_name":"Wenceslas Cobergher","article_modified_time":"2024-03-08T14:37:51+00:00","og_image":[{"url":"http:\/\/wenceslas-cobergher.be\/wp-content\/uploads\/cropped-samble-globe-1.jpg","type":"","width":"","height":""}],"twitter_card":"summary_large_image","twitter_misc":{"Gesch\u00e4tzte Lesezeit":"11\u00a0Minuten"},"schema":{"@context":"https:\/\/schema.org","@graph":[{"@type":"WebPage","@id":"https:\/\/wenceslas-cobergher.be\/nl\/","url":"https:\/\/wenceslas-cobergher.be\/nl\/","name":"Home - Wenceslas Cobergher","isPartOf":{"@id":"https:\/\/wenceslas-cobergher.be\/nl\/#website"},"primaryImageOfPage":{"@id":"https:\/\/wenceslas-cobergher.be\/nl\/#primaryimage"},"image":{"@id":"https:\/\/wenceslas-cobergher.be\/nl\/#primaryimage"},"thumbnailUrl":"http:\/\/wenceslas-cobergher.be\/wp-content\/uploads\/cropped-samble-globe-1.jpg","datePublished":"2017-06-16T13:27:30+00:00","dateModified":"2024-03-08T14:37:51+00:00","breadcrumb":{"@id":"https:\/\/wenceslas-cobergher.be\/nl\/#breadcrumb"},"inLanguage":"de","potentialAction":[{"@type":"ReadAction","target":["https:\/\/wenceslas-cobergher.be\/nl\/"]}]},{"@type":"ImageObject","inLanguage":"de","@id":"https:\/\/wenceslas-cobergher.be\/nl\/#primaryimage","url":"http:\/\/wenceslas-cobergher.be\/wp-content\/uploads\/cropped-samble-globe-1.jpg","contentUrl":"http:\/\/wenceslas-cobergher.be\/wp-content\/uploads\/cropped-samble-globe-1.jpg"},{"@type":"BreadcrumbList","@id":"https:\/\/wenceslas-cobergher.be\/nl\/#breadcrumb","itemListElement":[{"@type":"ListItem","position":1,"name":"Home","item":"https:\/\/wenceslas-cobergher.be\/nl\/"},{"@type":"ListItem","position":2,"name":"Home"}]},{"@type":"WebSite","@id":"https:\/\/wenceslas-cobergher.be\/nl\/#website","url":"https:\/\/wenceslas-cobergher.be\/nl\/","name":"Wenceslas Cobergher","description":"Urlaub &amp;  Aufenthalt in Style","potentialAction":[{"@type":"SearchAction","target":{"@type":"EntryPoint","urlTemplate":"https:\/\/wenceslas-cobergher.be\/nl\/?s={search_term_string}"},"query-input":{"@type":"PropertyValueSpecification","valueRequired":true,"valueName":"search_term_string"}}],"inLanguage":"de"}]}},"_links":{"self":[{"href":"https:\/\/wenceslas-cobergher.be\/de\/wp-json\/wp\/v2\/pages\/7","targetHints":{"allow":["GET"]}}],"collection":[{"href":"https:\/\/wenceslas-cobergher.be\/de\/wp-json\/wp\/v2\/pages"}],"about":[{"href":"https:\/\/wenceslas-cobergher.be\/de\/wp-json\/wp\/v2\/types\/page"}],"author":[{"embeddable":true,"href":"https:\/\/wenceslas-cobergher.be\/de\/wp-json\/wp\/v2\/users\/1"}],"replies":[{"embeddable":true,"href":"https:\/\/wenceslas-cobergher.be\/de\/wp-json\/wp\/v2\/comments?post=7"}],"version-history":[{"count":10,"href":"https:\/\/wenceslas-cobergher.be\/de\/wp-json\/wp\/v2\/pages\/7\/revisions"}],"predecessor-version":[{"id":5229,"href":"https:\/\/wenceslas-cobergher.be\/de\/wp-json\/wp\/v2\/pages\/7\/revisions\/5229"}],"wp:attachment":[{"href":"https:\/\/wenceslas-cobergher.be\/de\/wp-json\/wp\/v2\/media?parent=7"}],"curies":[{"name":"wp","href":"https:\/\/api.w.org\/{rel}","templated":true}]}}