{"id":45,"date":"2017-06-16T13:44:00","date_gmt":"2017-06-16T13:44:00","guid":{"rendered":"https:\/\/wenceslas-cobergher.be\/?page_id=45"},"modified":"2024-03-08T15:08:52","modified_gmt":"2024-03-08T15:08:52","slug":"algemene-voorwaarden","status":"publish","type":"page","link":"https:\/\/wenceslas-cobergher.be\/de\/about\/algemene-voorwaarden\/","title":{"rendered":"Allgemeine Gesch\u00e4ftsbedingungen"},"content":{"rendered":"<p>Es sind sowohl Kurz- und Langzeitaufenthalte m\u00f6glich. Bei Buchungen <strong>kurzer Aufenthalte<\/strong> (1 Tag bis 2 Wochen) ist es am besten, wenn Sie dies direkt \u00fcber das Reservierungssystem machen.<\/p>\n\n\n\n<p>Bei Buchungen <strong>l\u00e4nger als 2 Wochen<\/strong> bitten wir Sie dies per E-Mail vorzunehmen. Die langfristige Vermietung von Unterk\u00fcnften bis zu 1 Jahr ist ebenfalls m\u00f6glich.<\/p>\n\n\n\n<p>Unsere Unterk\u00fcnfte sind mit allem Komfort ausgestattet. Ein Kinderbett ist auf Anfrage jederzeit m\u00f6glich.<\/p>\n\n\n\n<p>Geben Sie bitte bei einer Buchung auch an, wie Sie die <strong>Betten<\/strong> w\u00fcnschen: f\u00fcr 1 Person oder 2 Personen.<\/p>\n\n\n\n<p>Alle unsere Unterk\u00fcnfte sind mit <strong>kostenlosem wireless Internet<\/strong> und einem <strong>Bettw\u00e4schepaket, <\/strong>bestehend aus Bettw\u00e4sche, Bade- und K\u00fcchent\u00fcchern ausgestattet. <strong>Rauchen <\/strong>ist in den Wohnungen <strong>nicht erlaubt<\/strong><strong>.<\/strong> Selbstverst\u00e4ndlich d\u00fcrfen Sie drau\u00dfen rauchen, wo m\u00f6glich, sind auch Aschenbecher vorhanden.<\/p>\n\n\n\n<p>Die <strong>Bett-, Bad- und K\u00fcchenw\u00e4sche<\/strong> sowie der<strong> Verbrauch <\/strong>sind im Mietpreis<strong> inbegriffen.<\/strong><\/p>\n\n\n\n<p>Es muss eine<strong> Kaution von 100 Euro hinterlegt werden.<\/strong><\/p>\n\n\n\n<p>Geben Sie bei der Reservierung an, <strong>wann Sie ungef\u00e4hr einchecken<\/strong> m\u00f6chten<strong>.<\/strong>&nbsp;Wenn das schwer zu sagen ist, rufen Sie uns mindestens eine<strong> halbe Stunde vorher<\/strong> an, damit Sie schnell einchecken k\u00f6nnen.<\/p>","protected":false},"excerpt":{"rendered":"<p>Es sind sowohl Kurz- und Langzeitaufenthalte m\u00f6glich. Bei Buchungen kurzer Aufenthalte (1 Tag bis 2 Wochen) ist es am besten, wenn Sie dies direkt \u00fcber das Reservierungssystem machen. Bei Buchungen l\u00e4nger als 2 Wochen bitten wir Sie dies per E-Mail vorzunehmen. Die langfristige Vermietung von Unterk\u00fcnften bis zu 1 Jahr ist ebenfalls m\u00f6glich. Unsere Unterk\u00fcnfte&hellip;&nbsp;<a href=\"https:\/\/wenceslas-cobergher.be\/de\/about\/algemene-voorwaarden\/\" rel=\"bookmark\">Mehr lesen &raquo;<span class=\"screen-reader-text\">Allgemeine Gesch\u00e4ftsbedingungen<\/span><\/a><\/p>\n","protected":false},"author":1,"featured_media":0,"parent":8,"menu_order":48,"comment_status":"closed","ping_status":"closed","template":"","meta":{"_monsterinsights_skip_tracking":false,"_monsterinsights_sitenote_active":false,"_monsterinsights_sitenote_note":"","_monsterinsights_sitenote_category":0,"neve_meta_sidebar":"","neve_meta_container":"","neve_meta_enable_content_width":"","neve_meta_content_width":0,"neve_meta_title_alignment":"","neve_meta_author_avatar":"","neve_post_elements_order":"","neve_meta_disable_header":"","neve_meta_disable_footer":"","neve_meta_disable_title":"","neve_meta_reading_time":"","_themeisle_gutenberg_block_has_review":false,"footnotes":""},"class_list":["post-45","page","type-page","status-publish","hentry"],"yoast_head":"<!-- This site is optimized with the Yoast SEO plugin v27.5 - https:\/\/yoast.com\/product\/yoast-seo-wordpress\/ -->\n<title>Allgemeine Gesch\u00e4ftsbedingungen - Wenceslas Cobergher<\/title>\n<meta name=\"robots\" content=\"index, follow, max-snippet:-1, max-image-preview:large, max-video-preview:-1\" \/>\n<link rel=\"canonical\" href=\"https:\/\/wenceslas-cobergher.be\/nl\/about\/algemene-voorwaarden\/\" \/>\n<meta property=\"og:locale\" content=\"de_DE\" \/>\n<meta property=\"og:type\" content=\"article\" \/>\n<meta property=\"og:title\" content=\"Allgemeine Gesch\u00e4ftsbedingungen - Wenceslas Cobergher\" \/>\n<meta property=\"og:description\" content=\"Es sind sowohl Kurz- und Langzeitaufenthalte m\u00f6glich. Bei Buchungen kurzer Aufenthalte (1 Tag bis 2 Wochen) ist es am besten, wenn Sie dies direkt \u00fcber das Reservierungssystem machen. Bei Buchungen l\u00e4nger als 2 Wochen bitten wir Sie dies per E-Mail vorzunehmen. Die langfristige Vermietung von Unterk\u00fcnften bis zu 1 Jahr ist ebenfalls m\u00f6glich. Unsere Unterk\u00fcnfte&hellip;&nbsp;Mehr lesen &raquo;Allgemeine Gesch\u00e4ftsbedingungen\" \/>\n<meta property=\"og:url\" content=\"https:\/\/wenceslas-cobergher.be\/nl\/about\/algemene-voorwaarden\/\" \/>\n<meta property=\"og:site_name\" content=\"Wenceslas Cobergher\" \/>\n<meta property=\"article:modified_time\" content=\"2024-03-08T15:08:52+00:00\" \/>\n<meta name=\"twitter:card\" content=\"summary_large_image\" \/>\n<meta name=\"twitter:label1\" content=\"Gesch\u00e4tzte Lesezeit\" \/>\n\t<meta name=\"twitter:data1\" content=\"5\u00a0Minuten\" \/>\n<script type=\"application\/ld+json\" class=\"yoast-schema-graph\">{\"@context\":\"https:\\\/\\\/schema.org\",\"@graph\":[{\"@type\":\"WebPage\",\"@id\":\"https:\\\/\\\/wenceslas-cobergher.be\\\/nl\\\/about\\\/algemene-voorwaarden\\\/\",\"url\":\"https:\\\/\\\/wenceslas-cobergher.be\\\/nl\\\/about\\\/algemene-voorwaarden\\\/\",\"name\":\"Allgemeine Gesch\u00e4ftsbedingungen - Wenceslas Cobergher\",\"isPartOf\":{\"@id\":\"https:\\\/\\\/wenceslas-cobergher.be\\\/nl\\\/#website\"},\"datePublished\":\"2017-06-16T13:44:00+00:00\",\"dateModified\":\"2024-03-08T15:08:52+00:00\",\"breadcrumb\":{\"@id\":\"https:\\\/\\\/wenceslas-cobergher.be\\\/nl\\\/about\\\/algemene-voorwaarden\\\/#breadcrumb\"},\"inLanguage\":\"de\",\"potentialAction\":[{\"@type\":\"ReadAction\",\"target\":[\"https:\\\/\\\/wenceslas-cobergher.be\\\/nl\\\/about\\\/algemene-voorwaarden\\\/\"]}]},{\"@type\":\"BreadcrumbList\",\"@id\":\"https:\\\/\\\/wenceslas-cobergher.be\\\/nl\\\/about\\\/algemene-voorwaarden\\\/#breadcrumb\",\"itemListElement\":[{\"@type\":\"ListItem\",\"position\":1,\"name\":\"Home\",\"item\":\"https:\\\/\\\/wenceslas-cobergher.be\\\/nl\\\/\"},{\"@type\":\"ListItem\",\"position\":2,\"name\":\"Over ons\",\"item\":\"https:\\\/\\\/wenceslas-cobergher.be\\\/nl\\\/about\\\/\"},{\"@type\":\"ListItem\",\"position\":3,\"name\":\"Algemene voorwaarden\"}]},{\"@type\":\"WebSite\",\"@id\":\"https:\\\/\\\/wenceslas-cobergher.be\\\/nl\\\/#website\",\"url\":\"https:\\\/\\\/wenceslas-cobergher.be\\\/nl\\\/\",\"name\":\"Wenceslas Cobergher\",\"description\":\"Urlaub &amp;  Aufenthalt in Style\",\"potentialAction\":[{\"@type\":\"SearchAction\",\"target\":{\"@type\":\"EntryPoint\",\"urlTemplate\":\"https:\\\/\\\/wenceslas-cobergher.be\\\/nl\\\/?s={search_term_string}\"},\"query-input\":{\"@type\":\"PropertyValueSpecification\",\"valueRequired\":true,\"valueName\":\"search_term_string\"}}],\"inLanguage\":\"de\"}]}<\/script>\n<!-- \/ Yoast SEO plugin. -->","yoast_head_json":{"title":"Allgemeine Gesch\u00e4ftsbedingungen - Wenceslas Cobergher","robots":{"index":"index","follow":"follow","max-snippet":"max-snippet:-1","max-image-preview":"max-image-preview:large","max-video-preview":"max-video-preview:-1"},"canonical":"https:\/\/wenceslas-cobergher.be\/nl\/about\/algemene-voorwaarden\/","og_locale":"de_DE","og_type":"article","og_title":"Allgemeine Gesch\u00e4ftsbedingungen - Wenceslas Cobergher","og_description":"Es sind sowohl Kurz- und Langzeitaufenthalte m\u00f6glich. Bei Buchungen kurzer Aufenthalte (1 Tag bis 2 Wochen) ist es am besten, wenn Sie dies direkt \u00fcber das Reservierungssystem machen. Bei Buchungen l\u00e4nger als 2 Wochen bitten wir Sie dies per E-Mail vorzunehmen. Die langfristige Vermietung von Unterk\u00fcnften bis zu 1 Jahr ist ebenfalls m\u00f6glich. Unsere Unterk\u00fcnfte&hellip;&nbsp;Mehr lesen &raquo;Allgemeine Gesch\u00e4ftsbedingungen","og_url":"https:\/\/wenceslas-cobergher.be\/nl\/about\/algemene-voorwaarden\/","og_site_name":"Wenceslas Cobergher","article_modified_time":"2024-03-08T15:08:52+00:00","twitter_card":"summary_large_image","twitter_misc":{"Gesch\u00e4tzte Lesezeit":"5\u00a0Minuten"},"schema":{"@context":"https:\/\/schema.org","@graph":[{"@type":"WebPage","@id":"https:\/\/wenceslas-cobergher.be\/nl\/about\/algemene-voorwaarden\/","url":"https:\/\/wenceslas-cobergher.be\/nl\/about\/algemene-voorwaarden\/","name":"Allgemeine Gesch\u00e4ftsbedingungen - Wenceslas Cobergher","isPartOf":{"@id":"https:\/\/wenceslas-cobergher.be\/nl\/#website"},"datePublished":"2017-06-16T13:44:00+00:00","dateModified":"2024-03-08T15:08:52+00:00","breadcrumb":{"@id":"https:\/\/wenceslas-cobergher.be\/nl\/about\/algemene-voorwaarden\/#breadcrumb"},"inLanguage":"de","potentialAction":[{"@type":"ReadAction","target":["https:\/\/wenceslas-cobergher.be\/nl\/about\/algemene-voorwaarden\/"]}]},{"@type":"BreadcrumbList","@id":"https:\/\/wenceslas-cobergher.be\/nl\/about\/algemene-voorwaarden\/#breadcrumb","itemListElement":[{"@type":"ListItem","position":1,"name":"Home","item":"https:\/\/wenceslas-cobergher.be\/nl\/"},{"@type":"ListItem","position":2,"name":"Over ons","item":"https:\/\/wenceslas-cobergher.be\/nl\/about\/"},{"@type":"ListItem","position":3,"name":"Algemene voorwaarden"}]},{"@type":"WebSite","@id":"https:\/\/wenceslas-cobergher.be\/nl\/#website","url":"https:\/\/wenceslas-cobergher.be\/nl\/","name":"Wenceslas Cobergher","description":"Urlaub &amp;  Aufenthalt in Style","potentialAction":[{"@type":"SearchAction","target":{"@type":"EntryPoint","urlTemplate":"https:\/\/wenceslas-cobergher.be\/nl\/?s={search_term_string}"},"query-input":{"@type":"PropertyValueSpecification","valueRequired":true,"valueName":"search_term_string"}}],"inLanguage":"de"}]}},"_links":{"self":[{"href":"https:\/\/wenceslas-cobergher.be\/de\/wp-json\/wp\/v2\/pages\/45","targetHints":{"allow":["GET"]}}],"collection":[{"href":"https:\/\/wenceslas-cobergher.be\/de\/wp-json\/wp\/v2\/pages"}],"about":[{"href":"https:\/\/wenceslas-cobergher.be\/de\/wp-json\/wp\/v2\/types\/page"}],"author":[{"embeddable":true,"href":"https:\/\/wenceslas-cobergher.be\/de\/wp-json\/wp\/v2\/users\/1"}],"replies":[{"embeddable":true,"href":"https:\/\/wenceslas-cobergher.be\/de\/wp-json\/wp\/v2\/comments?post=45"}],"version-history":[{"count":11,"href":"https:\/\/wenceslas-cobergher.be\/de\/wp-json\/wp\/v2\/pages\/45\/revisions"}],"predecessor-version":[{"id":5246,"href":"https:\/\/wenceslas-cobergher.be\/de\/wp-json\/wp\/v2\/pages\/45\/revisions\/5246"}],"up":[{"embeddable":true,"href":"https:\/\/wenceslas-cobergher.be\/de\/wp-json\/wp\/v2\/pages\/8"}],"wp:attachment":[{"href":"https:\/\/wenceslas-cobergher.be\/de\/wp-json\/wp\/v2\/media?parent=45"}],"curies":[{"name":"wp","href":"https:\/\/api.w.org\/{rel}","templated":true}]}}