{"id":170,"date":"2017-09-05T14:26:39","date_gmt":"2017-09-05T14:26:39","guid":{"rendered":"https:\/\/wenceslas-cobergher.be\/?page_id=170"},"modified":"2024-03-08T15:08:47","modified_gmt":"2024-03-08T15:08:47","slug":"cadeaubonnen","status":"publish","type":"page","link":"https:\/\/wenceslas-cobergher.be\/de\/about\/cadeaubonnen\/","title":{"rendered":"Geschenkgutscheine"},"content":{"rendered":"<p>Sie k\u00f6nnen auch einen Geschenkgutschein f\u00fcr einen Aufenthalt in einem unserer Ferienh\u00e4user <a href=\"https:\/\/wenceslas-cobergher.be\/de\/contact\/\">bestellen<\/a>.<\/p>\n\n\n<div class=\"wp-block-image\">\n<figure class=\"alignleft\"><img loading=\"lazy\" decoding=\"async\" width=\"770\" height=\"384\" src=\"https:\/\/wenceslas-cobergher.be\/wp-content\/uploads\/cadeaubon-vakantiewoning.png\" alt=\"\" class=\"wp-image-185\" srcset=\"https:\/\/wenceslas-cobergher.be\/wp-content\/uploads\/cadeaubon-vakantiewoning.png 770w, https:\/\/wenceslas-cobergher.be\/wp-content\/uploads\/cadeaubon-vakantiewoning-300x150.png 300w, https:\/\/wenceslas-cobergher.be\/wp-content\/uploads\/cadeaubon-vakantiewoning-768x383.png 768w, https:\/\/wenceslas-cobergher.be\/wp-content\/uploads\/cadeaubon-vakantiewoning-150x75.png 150w\" sizes=\"auto, (max-width: 770px) 100vw, 770px\" \/><\/figure>\n<\/div>\n\n\n<p><\/p>","protected":false},"excerpt":{"rendered":"<p>Sie k\u00f6nnen auch einen Geschenkgutschein f\u00fcr einen Aufenthalt in einem unserer Ferienh\u00e4user bestellen.<\/p>\n","protected":false},"author":1,"featured_media":0,"parent":8,"menu_order":0,"comment_status":"closed","ping_status":"closed","template":"","meta":{"_monsterinsights_skip_tracking":false,"_monsterinsights_sitenote_active":false,"_monsterinsights_sitenote_note":"","_monsterinsights_sitenote_category":0,"neve_meta_sidebar":"","neve_meta_container":"","neve_meta_enable_content_width":"","neve_meta_content_width":0,"neve_meta_title_alignment":"","neve_meta_author_avatar":"","neve_post_elements_order":"","neve_meta_disable_header":"","neve_meta_disable_footer":"","neve_meta_disable_title":"","neve_meta_reading_time":"","_themeisle_gutenberg_block_has_review":false,"footnotes":""},"class_list":["post-170","page","type-page","status-publish","hentry"],"yoast_head":"<!-- This site is optimized with the Yoast SEO plugin v27.3 - https:\/\/yoast.com\/product\/yoast-seo-wordpress\/ -->\n<title>Geschenkgutscheine - Wenceslas Cobergher<\/title>\n<meta name=\"robots\" content=\"index, follow, max-snippet:-1, max-image-preview:large, max-video-preview:-1\" \/>\n<link rel=\"canonical\" href=\"https:\/\/wenceslas-cobergher.be\/nl\/about\/cadeaubonnen\/\" \/>\n<meta property=\"og:locale\" content=\"de_DE\" \/>\n<meta property=\"og:type\" content=\"article\" \/>\n<meta property=\"og:title\" content=\"Geschenkgutscheine - Wenceslas Cobergher\" \/>\n<meta property=\"og:description\" content=\"Sie k\u00f6nnen auch einen Geschenkgutschein f\u00fcr einen Aufenthalt in einem unserer Ferienh\u00e4user bestellen.\" \/>\n<meta property=\"og:url\" content=\"https:\/\/wenceslas-cobergher.be\/nl\/about\/cadeaubonnen\/\" \/>\n<meta property=\"og:site_name\" content=\"Wenceslas Cobergher\" \/>\n<meta property=\"article:modified_time\" content=\"2024-03-08T15:08:47+00:00\" \/>\n<meta property=\"og:image\" content=\"https:\/\/wenceslas-cobergher.be\/wp-content\/uploads\/cadeaubon-vakantiewoning.png\" \/>\n<meta name=\"twitter:card\" content=\"summary_large_image\" \/>\n<meta name=\"twitter:label1\" content=\"Gesch\u00e4tzte Lesezeit\" \/>\n\t<meta name=\"twitter:data1\" content=\"2\u00a0Minuten\" \/>\n<script type=\"application\/ld+json\" class=\"yoast-schema-graph\">{\"@context\":\"https:\\\/\\\/schema.org\",\"@graph\":[{\"@type\":\"WebPage\",\"@id\":\"https:\\\/\\\/wenceslas-cobergher.be\\\/nl\\\/about\\\/cadeaubonnen\\\/\",\"url\":\"https:\\\/\\\/wenceslas-cobergher.be\\\/nl\\\/about\\\/cadeaubonnen\\\/\",\"name\":\"Geschenkgutscheine - Wenceslas Cobergher\",\"isPartOf\":{\"@id\":\"https:\\\/\\\/wenceslas-cobergher.be\\\/nl\\\/#website\"},\"primaryImageOfPage\":{\"@id\":\"https:\\\/\\\/wenceslas-cobergher.be\\\/nl\\\/about\\\/cadeaubonnen\\\/#primaryimage\"},\"image\":{\"@id\":\"https:\\\/\\\/wenceslas-cobergher.be\\\/nl\\\/about\\\/cadeaubonnen\\\/#primaryimage\"},\"thumbnailUrl\":\"https:\\\/\\\/wenceslas-cobergher.be\\\/wp-content\\\/uploads\\\/cadeaubon-vakantiewoning.png\",\"datePublished\":\"2017-09-05T14:26:39+00:00\",\"dateModified\":\"2024-03-08T15:08:47+00:00\",\"breadcrumb\":{\"@id\":\"https:\\\/\\\/wenceslas-cobergher.be\\\/nl\\\/about\\\/cadeaubonnen\\\/#breadcrumb\"},\"inLanguage\":\"de\",\"potentialAction\":[{\"@type\":\"ReadAction\",\"target\":[\"https:\\\/\\\/wenceslas-cobergher.be\\\/nl\\\/about\\\/cadeaubonnen\\\/\"]}]},{\"@type\":\"ImageObject\",\"inLanguage\":\"de\",\"@id\":\"https:\\\/\\\/wenceslas-cobergher.be\\\/nl\\\/about\\\/cadeaubonnen\\\/#primaryimage\",\"url\":\"https:\\\/\\\/wenceslas-cobergher.be\\\/wp-content\\\/uploads\\\/cadeaubon-vakantiewoning.png\",\"contentUrl\":\"https:\\\/\\\/wenceslas-cobergher.be\\\/wp-content\\\/uploads\\\/cadeaubon-vakantiewoning.png\"},{\"@type\":\"BreadcrumbList\",\"@id\":\"https:\\\/\\\/wenceslas-cobergher.be\\\/nl\\\/about\\\/cadeaubonnen\\\/#breadcrumb\",\"itemListElement\":[{\"@type\":\"ListItem\",\"position\":1,\"name\":\"Home\",\"item\":\"https:\\\/\\\/wenceslas-cobergher.be\\\/nl\\\/\"},{\"@type\":\"ListItem\",\"position\":2,\"name\":\"Over ons\",\"item\":\"https:\\\/\\\/wenceslas-cobergher.be\\\/nl\\\/about\\\/\"},{\"@type\":\"ListItem\",\"position\":3,\"name\":\"Cadeaubonnen\"}]},{\"@type\":\"WebSite\",\"@id\":\"https:\\\/\\\/wenceslas-cobergher.be\\\/nl\\\/#website\",\"url\":\"https:\\\/\\\/wenceslas-cobergher.be\\\/nl\\\/\",\"name\":\"Wenceslas Cobergher\",\"description\":\"Urlaub &amp;  Aufenthalt in Style\",\"potentialAction\":[{\"@type\":\"SearchAction\",\"target\":{\"@type\":\"EntryPoint\",\"urlTemplate\":\"https:\\\/\\\/wenceslas-cobergher.be\\\/nl\\\/?s={search_term_string}\"},\"query-input\":{\"@type\":\"PropertyValueSpecification\",\"valueRequired\":true,\"valueName\":\"search_term_string\"}}],\"inLanguage\":\"de\"}]}<\/script>\n<!-- \/ Yoast SEO plugin. -->","yoast_head_json":{"title":"Geschenkgutscheine - Wenceslas Cobergher","robots":{"index":"index","follow":"follow","max-snippet":"max-snippet:-1","max-image-preview":"max-image-preview:large","max-video-preview":"max-video-preview:-1"},"canonical":"https:\/\/wenceslas-cobergher.be\/nl\/about\/cadeaubonnen\/","og_locale":"de_DE","og_type":"article","og_title":"Geschenkgutscheine - Wenceslas Cobergher","og_description":"Sie k\u00f6nnen auch einen Geschenkgutschein f\u00fcr einen Aufenthalt in einem unserer Ferienh\u00e4user bestellen.","og_url":"https:\/\/wenceslas-cobergher.be\/nl\/about\/cadeaubonnen\/","og_site_name":"Wenceslas Cobergher","article_modified_time":"2024-03-08T15:08:47+00:00","og_image":[{"url":"https:\/\/wenceslas-cobergher.be\/wp-content\/uploads\/cadeaubon-vakantiewoning.png","type":"","width":"","height":""}],"twitter_card":"summary_large_image","twitter_misc":{"Gesch\u00e4tzte Lesezeit":"2\u00a0Minuten"},"schema":{"@context":"https:\/\/schema.org","@graph":[{"@type":"WebPage","@id":"https:\/\/wenceslas-cobergher.be\/nl\/about\/cadeaubonnen\/","url":"https:\/\/wenceslas-cobergher.be\/nl\/about\/cadeaubonnen\/","name":"Geschenkgutscheine - Wenceslas Cobergher","isPartOf":{"@id":"https:\/\/wenceslas-cobergher.be\/nl\/#website"},"primaryImageOfPage":{"@id":"https:\/\/wenceslas-cobergher.be\/nl\/about\/cadeaubonnen\/#primaryimage"},"image":{"@id":"https:\/\/wenceslas-cobergher.be\/nl\/about\/cadeaubonnen\/#primaryimage"},"thumbnailUrl":"https:\/\/wenceslas-cobergher.be\/wp-content\/uploads\/cadeaubon-vakantiewoning.png","datePublished":"2017-09-05T14:26:39+00:00","dateModified":"2024-03-08T15:08:47+00:00","breadcrumb":{"@id":"https:\/\/wenceslas-cobergher.be\/nl\/about\/cadeaubonnen\/#breadcrumb"},"inLanguage":"de","potentialAction":[{"@type":"ReadAction","target":["https:\/\/wenceslas-cobergher.be\/nl\/about\/cadeaubonnen\/"]}]},{"@type":"ImageObject","inLanguage":"de","@id":"https:\/\/wenceslas-cobergher.be\/nl\/about\/cadeaubonnen\/#primaryimage","url":"https:\/\/wenceslas-cobergher.be\/wp-content\/uploads\/cadeaubon-vakantiewoning.png","contentUrl":"https:\/\/wenceslas-cobergher.be\/wp-content\/uploads\/cadeaubon-vakantiewoning.png"},{"@type":"BreadcrumbList","@id":"https:\/\/wenceslas-cobergher.be\/nl\/about\/cadeaubonnen\/#breadcrumb","itemListElement":[{"@type":"ListItem","position":1,"name":"Home","item":"https:\/\/wenceslas-cobergher.be\/nl\/"},{"@type":"ListItem","position":2,"name":"Over ons","item":"https:\/\/wenceslas-cobergher.be\/nl\/about\/"},{"@type":"ListItem","position":3,"name":"Cadeaubonnen"}]},{"@type":"WebSite","@id":"https:\/\/wenceslas-cobergher.be\/nl\/#website","url":"https:\/\/wenceslas-cobergher.be\/nl\/","name":"Wenceslas Cobergher","description":"Urlaub &amp;  Aufenthalt in Style","potentialAction":[{"@type":"SearchAction","target":{"@type":"EntryPoint","urlTemplate":"https:\/\/wenceslas-cobergher.be\/nl\/?s={search_term_string}"},"query-input":{"@type":"PropertyValueSpecification","valueRequired":true,"valueName":"search_term_string"}}],"inLanguage":"de"}]}},"_links":{"self":[{"href":"https:\/\/wenceslas-cobergher.be\/de\/wp-json\/wp\/v2\/pages\/170","targetHints":{"allow":["GET"]}}],"collection":[{"href":"https:\/\/wenceslas-cobergher.be\/de\/wp-json\/wp\/v2\/pages"}],"about":[{"href":"https:\/\/wenceslas-cobergher.be\/de\/wp-json\/wp\/v2\/types\/page"}],"author":[{"embeddable":true,"href":"https:\/\/wenceslas-cobergher.be\/de\/wp-json\/wp\/v2\/users\/1"}],"replies":[{"embeddable":true,"href":"https:\/\/wenceslas-cobergher.be\/de\/wp-json\/wp\/v2\/comments?post=170"}],"version-history":[{"count":8,"href":"https:\/\/wenceslas-cobergher.be\/de\/wp-json\/wp\/v2\/pages\/170\/revisions"}],"predecessor-version":[{"id":5244,"href":"https:\/\/wenceslas-cobergher.be\/de\/wp-json\/wp\/v2\/pages\/170\/revisions\/5244"}],"up":[{"embeddable":true,"href":"https:\/\/wenceslas-cobergher.be\/de\/wp-json\/wp\/v2\/pages\/8"}],"wp:attachment":[{"href":"https:\/\/wenceslas-cobergher.be\/de\/wp-json\/wp\/v2\/media?parent=170"}],"curies":[{"name":"wp","href":"https:\/\/api.w.org\/{rel}","templated":true}]}}